{"id":95,"date":"2024-11-09T17:54:18","date_gmt":"2024-11-09T16:54:18","guid":{"rendered":"http:\/\/galons.world\/?page_id=95"},"modified":"2024-11-19T09:51:13","modified_gmt":"2024-11-19T08:51:13","slug":"dzien-1","status":"publish","type":"page","link":"https:\/\/galons.world\/?page_id=95","title":{"rendered":"Dzie\u0144 1"},"content":{"rendered":"\n<p><strong>Dzie\u0144 pierwszy &#8211; zrozumienie problemu<\/strong><\/p>\n\n\n\n<p><strong>Przedstawienie zespo\u0142u i idei Design Sprint<\/strong> 10:00-10:15 -15 minut<\/p>\n\n\n\n<p><strong>Sesja pozytywna<\/strong> 10:15-10:50 &#8211; 35 minut<\/p>\n\n\n\n<p><strong>Sesja negatywna<\/strong> 10:55-11:30- 35 minut<\/p>\n\n\n\n<p><strong>Tworzenie mapy <\/strong>11:30-13:00 -90 minut<\/p>\n\n\n\n<p><strong>Lunch<\/strong> 13:00-14:00<\/p>\n\n\n\n<p><strong>Zapytaj Ekspert\u00f3w<\/strong> 14:00-16:00 &#8211; 120 minut<\/p>\n\n\n\n<p><strong>Porz\u0105dkowanie notatek &#8220;jak mo\u017cemy?&#8221; i wyb\u00f3r najwa\u017cniejszych <\/strong>16:00-16:30 &#8211; 30 minut <\/p>\n\n\n\n<p>Do zako\u0144czenia dnia pracy o godzinie 17:00 brakuje paru minut. Do\u015bwiadczenie uczy jednak, \u017ce wywiady z ekspertami przeci\u0105gaj\u0105 si\u0119. Dodatkowo czas ten mo\u017cna po\u015bwi\u0119ci\u0107 na zlecenie zadania domowego (je\u015bli moderatorzy uznaj\u0105 to za zasadne mog\u0105 poprosi\u0107 o przygotowanie inspiruj\u0105cych prezentacji, kt\u00f3re s\u0105 pocz\u0105tkiem drugiego dnia Design Sprint). <\/p>\n","protected":false},"excerpt":{"rendered":"<p>Dzie\u0144 pierwszy &#8211; zrozumienie problemu Przedstawienie zespo\u0142u i idei Design Sprint 10:00-10:15 -15 minut Sesja pozytywna 10:15-10:50 &#8211; 35 minut Sesja negatywna 10:55-11:30- 35 minut [&hellip;]<\/p>\n","protected":false},"author":1,"featured_media":0,"parent":43,"menu_order":0,"comment_status":"closed","ping_status":"closed","template":"","meta":{"footnotes":""},"class_list":["post-95","page","type-page","status-publish","hentry"],"yoast_head":"<!-- This site is optimized with the Yoast SEO plugin v24.4 - https:\/\/yoast.com\/wordpress\/plugins\/seo\/ -->\n<title>Dzie\u0144 1 - Galon`s World<\/title>\n<meta name=\"robots\" content=\"index, follow, max-snippet:-1, max-image-preview:large, max-video-preview:-1\" \/>\n<link rel=\"canonical\" href=\"https:\/\/galons.world\/?page_id=95\" \/>\n<meta property=\"og:locale\" content=\"en_US\" \/>\n<meta property=\"og:type\" content=\"article\" \/>\n<meta property=\"og:title\" content=\"Dzie\u0144 1 - Galon`s World\" \/>\n<meta property=\"og:description\" content=\"Dzie\u0144 pierwszy &#8211; zrozumienie problemu Przedstawienie zespo\u0142u i idei Design Sprint 10:00-10:15 -15 minut Sesja pozytywna 10:15-10:50 &#8211; 35 minut Sesja negatywna 10:55-11:30- 35 minut [&hellip;]\" \/>\n<meta property=\"og:url\" content=\"https:\/\/galons.world\/?page_id=95\" \/>\n<meta property=\"og:site_name\" content=\"Galon`s World\" \/>\n<meta property=\"article:modified_time\" content=\"2024-11-19T08:51:13+00:00\" \/>\n<meta name=\"twitter:card\" content=\"summary_large_image\" \/>\n<meta name=\"twitter:label1\" content=\"Est. reading time\" \/>\n\t<meta name=\"twitter:data1\" content=\"1 minute\" \/>\n<script type=\"application\/ld+json\" class=\"yoast-schema-graph\">{\"@context\":\"https:\/\/schema.org\",\"@graph\":[{\"@type\":\"WebPage\",\"@id\":\"https:\/\/galons.world\/?page_id=95\",\"url\":\"https:\/\/galons.world\/?page_id=95\",\"name\":\"Dzie\u0144 1 - Galon`s World\",\"isPartOf\":{\"@id\":\"https:\/\/galons.world\/#website\"},\"datePublished\":\"2024-11-09T16:54:18+00:00\",\"dateModified\":\"2024-11-19T08:51:13+00:00\",\"breadcrumb\":{\"@id\":\"https:\/\/galons.world\/?page_id=95#breadcrumb\"},\"inLanguage\":\"en-US\",\"potentialAction\":[{\"@type\":\"ReadAction\",\"target\":[\"https:\/\/galons.world\/?page_id=95\"]}]},{\"@type\":\"BreadcrumbList\",\"@id\":\"https:\/\/galons.world\/?page_id=95#breadcrumb\",\"itemListElement\":[{\"@type\":\"ListItem\",\"position\":1,\"name\":\"Home\",\"item\":\"https:\/\/galons.world\/\"},{\"@type\":\"ListItem\",\"position\":2,\"name\":\"Design Sprint\",\"item\":\"https:\/\/galons.world\/?page_id=43\"},{\"@type\":\"ListItem\",\"position\":3,\"name\":\"Dzie\u0144 1\"}]},{\"@type\":\"WebSite\",\"@id\":\"https:\/\/galons.world\/#website\",\"url\":\"https:\/\/galons.world\/\",\"name\":\"Galon`s World\",\"description\":\"O tym jak pomys\u0142y staj\u0105 si\u0119 prototypami a prototypy rzeczywisto\u015bci\u0105.\",\"potentialAction\":[{\"@type\":\"SearchAction\",\"target\":{\"@type\":\"EntryPoint\",\"urlTemplate\":\"https:\/\/galons.world\/?s={search_term_string}\"},\"query-input\":{\"@type\":\"PropertyValueSpecification\",\"valueRequired\":true,\"valueName\":\"search_term_string\"}}],\"inLanguage\":\"en-US\"}]}<\/script>\n<!-- \/ Yoast SEO plugin. -->","yoast_head_json":{"title":"Dzie\u0144 1 - Galon`s World","robots":{"index":"index","follow":"follow","max-snippet":"max-snippet:-1","max-image-preview":"max-image-preview:large","max-video-preview":"max-video-preview:-1"},"canonical":"https:\/\/galons.world\/?page_id=95","og_locale":"en_US","og_type":"article","og_title":"Dzie\u0144 1 - Galon`s World","og_description":"Dzie\u0144 pierwszy &#8211; zrozumienie problemu Przedstawienie zespo\u0142u i idei Design Sprint 10:00-10:15 -15 minut Sesja pozytywna 10:15-10:50 &#8211; 35 minut Sesja negatywna 10:55-11:30- 35 minut [&hellip;]","og_url":"https:\/\/galons.world\/?page_id=95","og_site_name":"Galon`s World","article_modified_time":"2024-11-19T08:51:13+00:00","twitter_card":"summary_large_image","twitter_misc":{"Est. reading time":"1 minute"},"schema":{"@context":"https:\/\/schema.org","@graph":[{"@type":"WebPage","@id":"https:\/\/galons.world\/?page_id=95","url":"https:\/\/galons.world\/?page_id=95","name":"Dzie\u0144 1 - Galon`s World","isPartOf":{"@id":"https:\/\/galons.world\/#website"},"datePublished":"2024-11-09T16:54:18+00:00","dateModified":"2024-11-19T08:51:13+00:00","breadcrumb":{"@id":"https:\/\/galons.world\/?page_id=95#breadcrumb"},"inLanguage":"en-US","potentialAction":[{"@type":"ReadAction","target":["https:\/\/galons.world\/?page_id=95"]}]},{"@type":"BreadcrumbList","@id":"https:\/\/galons.world\/?page_id=95#breadcrumb","itemListElement":[{"@type":"ListItem","position":1,"name":"Home","item":"https:\/\/galons.world\/"},{"@type":"ListItem","position":2,"name":"Design Sprint","item":"https:\/\/galons.world\/?page_id=43"},{"@type":"ListItem","position":3,"name":"Dzie\u0144 1"}]},{"@type":"WebSite","@id":"https:\/\/galons.world\/#website","url":"https:\/\/galons.world\/","name":"Galon`s World","description":"O tym jak pomys\u0142y staj\u0105 si\u0119 prototypami a prototypy rzeczywisto\u015bci\u0105.","potentialAction":[{"@type":"SearchAction","target":{"@type":"EntryPoint","urlTemplate":"https:\/\/galons.world\/?s={search_term_string}"},"query-input":{"@type":"PropertyValueSpecification","valueRequired":true,"valueName":"search_term_string"}}],"inLanguage":"en-US"}]}},"_links":{"self":[{"href":"https:\/\/galons.world\/index.php?rest_route=\/wp\/v2\/pages\/95","targetHints":{"allow":["GET"]}}],"collection":[{"href":"https:\/\/galons.world\/index.php?rest_route=\/wp\/v2\/pages"}],"about":[{"href":"https:\/\/galons.world\/index.php?rest_route=\/wp\/v2\/types\/page"}],"author":[{"embeddable":true,"href":"https:\/\/galons.world\/index.php?rest_route=\/wp\/v2\/users\/1"}],"replies":[{"embeddable":true,"href":"https:\/\/galons.world\/index.php?rest_route=%2Fwp%2Fv2%2Fcomments&post=95"}],"version-history":[{"count":5,"href":"https:\/\/galons.world\/index.php?rest_route=\/wp\/v2\/pages\/95\/revisions"}],"predecessor-version":[{"id":138,"href":"https:\/\/galons.world\/index.php?rest_route=\/wp\/v2\/pages\/95\/revisions\/138"}],"up":[{"embeddable":true,"href":"https:\/\/galons.world\/index.php?rest_route=\/wp\/v2\/pages\/43"}],"wp:attachment":[{"href":"https:\/\/galons.world\/index.php?rest_route=%2Fwp%2Fv2%2Fmedia&parent=95"}],"curies":[{"name":"wp","href":"https:\/\/api.w.org\/{rel}","templated":true}]}}