{"id":92,"date":"2024-11-09T17:53:05","date_gmt":"2024-11-09T16:53:05","guid":{"rendered":"http:\/\/galons.world\/?page_id=92"},"modified":"2024-11-09T17:53:06","modified_gmt":"2024-11-09T16:53:06","slug":"sesja-pozytywna-cele-dlugofalowe","status":"publish","type":"page","link":"https:\/\/galons.world\/?page_id=92","title":{"rendered":"Sesja pozytywna- cele d\u0142ugofalowe"},"content":{"rendered":"\n<p>Zmieni\u0142em nazw\u0119 tej cz\u0119\u015bci \u0107wiczenia z \u201ezacznij od ko\u0144ca\u201d na \u201esesja pozytywna\u201d. Celem tej fazy jest wyobra\u017cenie sobie, jak b\u0119dzie wygl\u0105da\u0107 przysz\u0142o\u015b\u0107 po wdro\u017ceniu naszego rozwi\u0105zania i po osi\u0105gni\u0119ciu sukcesu. Wizualizacja ta ma pom\u00f3c zespo\u0142owi lepiej zrozumie\u0107, jakie problemy faktycznie rozwi\u0105zujemy i do czego d\u0105\u017cymy. Kluczowe jest r\u00f3wnie\u017c wczucie si\u0119 w misj\u0119 organizacji, kt\u00f3ra b\u0119dzie implementowa\u0107 rozwi\u0105zanie, co pozwala zrozumie\u0107, dlaczego projekt jest istotny i jakie d\u0142ugofalowe cele ma osi\u0105gn\u0105\u0107.<\/p>\n\n\n\n<p>Wa\u017cne pytania, kt\u00f3re nale\u017cy sobie zada\u0107 podczas tej sesji, to: \u201eDlaczego w og\u00f3le zesp\u00f3\u0142 pracuje nad projektem?\u201d oraz \u201eGdzie chcieliby\u015bmy by\u0107 za p\u00f3\u0142 roku, rok lub d\u0142u\u017cej?\u201d. Cho\u0107 tw\u00f3rcy metody nie wymagaj\u0105 stosowania planowania strategicznego, taktycznego ani operacyjnego, mo\u017cna si\u0119 nimi zainspirowa\u0107, rozwa\u017caj\u0105c plany kr\u00f3tkoterminowe, \u015brednioterminowe i d\u0142ugoterminowe.<\/p>\n\n\n\n<p>Trudne rozmowy cz\u0119sto dotycz\u0105 sytuacji, gdy zysk jest jedynym powodem podejmowania dzia\u0142a\u0144. W takich przypadkach warto przekierowa\u0107 dyskusj\u0119 w stron\u0119 warto\u015bci, kt\u00f3re \u2013 mimo \u017ce mog\u0105 by\u0107 niematerialne \u2013 mog\u0105 pobudzi\u0107 wyobra\u017ani\u0119 uczestnik\u00f3w i nap\u0119dza\u0107 sprzeda\u017c. Kluczowe w tej sesji, jak i podczas ca\u0142ego pierwszego dnia procesu, jest unikanie my\u015blenia o rozwi\u0105zaniach. Wszelkie pr\u00f3by takich dyskusji nale\u017cy przerywa\u0107 (cho\u0107 nie przeszkadza to uczestnikom w ich zapisywaniu).<\/p>\n\n\n\n<p>Dla r\u00f3wnowagi, nast\u0119pnym krokiem b\u0119dzie sesja negatywna.<\/p>\n","protected":false},"excerpt":{"rendered":"<p>Zmieni\u0142em nazw\u0119 tej cz\u0119\u015bci \u0107wiczenia z \u201ezacznij od ko\u0144ca\u201d na \u201esesja pozytywna\u201d. Celem tej fazy jest wyobra\u017cenie sobie, jak b\u0119dzie wygl\u0105da\u0107 przysz\u0142o\u015b\u0107 po wdro\u017ceniu naszego [&hellip;]<\/p>\n","protected":false},"author":1,"featured_media":0,"parent":43,"menu_order":0,"comment_status":"closed","ping_status":"closed","template":"","meta":{"footnotes":""},"class_list":["post-92","page","type-page","status-publish","hentry"],"yoast_head":"<!-- This site is optimized with the Yoast SEO plugin v24.4 - https:\/\/yoast.com\/wordpress\/plugins\/seo\/ -->\n<title>Sesja pozytywna- cele d\u0142ugofalowe - Galon`s World<\/title>\n<meta name=\"robots\" content=\"index, follow, max-snippet:-1, max-image-preview:large, max-video-preview:-1\" \/>\n<link rel=\"canonical\" href=\"https:\/\/galons.world\/?page_id=92\" \/>\n<meta property=\"og:locale\" content=\"en_US\" \/>\n<meta property=\"og:type\" content=\"article\" \/>\n<meta property=\"og:title\" content=\"Sesja pozytywna- cele d\u0142ugofalowe - Galon`s World\" \/>\n<meta property=\"og:description\" content=\"Zmieni\u0142em nazw\u0119 tej cz\u0119\u015bci \u0107wiczenia z \u201ezacznij od ko\u0144ca\u201d na \u201esesja pozytywna\u201d. Celem tej fazy jest wyobra\u017cenie sobie, jak b\u0119dzie wygl\u0105da\u0107 przysz\u0142o\u015b\u0107 po wdro\u017ceniu naszego [&hellip;]\" \/>\n<meta property=\"og:url\" content=\"https:\/\/galons.world\/?page_id=92\" \/>\n<meta property=\"og:site_name\" content=\"Galon`s World\" \/>\n<meta property=\"article:modified_time\" content=\"2024-11-09T16:53:06+00:00\" \/>\n<meta name=\"twitter:card\" content=\"summary_large_image\" \/>\n<meta name=\"twitter:label1\" content=\"Est. reading time\" \/>\n\t<meta name=\"twitter:data1\" content=\"1 minute\" \/>\n<script type=\"application\/ld+json\" class=\"yoast-schema-graph\">{\"@context\":\"https:\/\/schema.org\",\"@graph\":[{\"@type\":\"WebPage\",\"@id\":\"https:\/\/galons.world\/?page_id=92\",\"url\":\"https:\/\/galons.world\/?page_id=92\",\"name\":\"Sesja pozytywna- cele d\u0142ugofalowe - Galon`s World\",\"isPartOf\":{\"@id\":\"https:\/\/galons.world\/#website\"},\"datePublished\":\"2024-11-09T16:53:05+00:00\",\"dateModified\":\"2024-11-09T16:53:06+00:00\",\"breadcrumb\":{\"@id\":\"https:\/\/galons.world\/?page_id=92#breadcrumb\"},\"inLanguage\":\"en-US\",\"potentialAction\":[{\"@type\":\"ReadAction\",\"target\":[\"https:\/\/galons.world\/?page_id=92\"]}]},{\"@type\":\"BreadcrumbList\",\"@id\":\"https:\/\/galons.world\/?page_id=92#breadcrumb\",\"itemListElement\":[{\"@type\":\"ListItem\",\"position\":1,\"name\":\"Home\",\"item\":\"https:\/\/galons.world\/\"},{\"@type\":\"ListItem\",\"position\":2,\"name\":\"Design Sprint\",\"item\":\"https:\/\/galons.world\/?page_id=43\"},{\"@type\":\"ListItem\",\"position\":3,\"name\":\"Sesja pozytywna- cele d\u0142ugofalowe\"}]},{\"@type\":\"WebSite\",\"@id\":\"https:\/\/galons.world\/#website\",\"url\":\"https:\/\/galons.world\/\",\"name\":\"Galon`s World\",\"description\":\"O tym jak pomys\u0142y staj\u0105 si\u0119 prototypami a prototypy rzeczywisto\u015bci\u0105.\",\"potentialAction\":[{\"@type\":\"SearchAction\",\"target\":{\"@type\":\"EntryPoint\",\"urlTemplate\":\"https:\/\/galons.world\/?s={search_term_string}\"},\"query-input\":{\"@type\":\"PropertyValueSpecification\",\"valueRequired\":true,\"valueName\":\"search_term_string\"}}],\"inLanguage\":\"en-US\"}]}<\/script>\n<!-- \/ Yoast SEO plugin. -->","yoast_head_json":{"title":"Sesja pozytywna- cele d\u0142ugofalowe - Galon`s World","robots":{"index":"index","follow":"follow","max-snippet":"max-snippet:-1","max-image-preview":"max-image-preview:large","max-video-preview":"max-video-preview:-1"},"canonical":"https:\/\/galons.world\/?page_id=92","og_locale":"en_US","og_type":"article","og_title":"Sesja pozytywna- cele d\u0142ugofalowe - Galon`s World","og_description":"Zmieni\u0142em nazw\u0119 tej cz\u0119\u015bci \u0107wiczenia z \u201ezacznij od ko\u0144ca\u201d na \u201esesja pozytywna\u201d. Celem tej fazy jest wyobra\u017cenie sobie, jak b\u0119dzie wygl\u0105da\u0107 przysz\u0142o\u015b\u0107 po wdro\u017ceniu naszego [&hellip;]","og_url":"https:\/\/galons.world\/?page_id=92","og_site_name":"Galon`s World","article_modified_time":"2024-11-09T16:53:06+00:00","twitter_card":"summary_large_image","twitter_misc":{"Est. reading time":"1 minute"},"schema":{"@context":"https:\/\/schema.org","@graph":[{"@type":"WebPage","@id":"https:\/\/galons.world\/?page_id=92","url":"https:\/\/galons.world\/?page_id=92","name":"Sesja pozytywna- cele d\u0142ugofalowe - Galon`s World","isPartOf":{"@id":"https:\/\/galons.world\/#website"},"datePublished":"2024-11-09T16:53:05+00:00","dateModified":"2024-11-09T16:53:06+00:00","breadcrumb":{"@id":"https:\/\/galons.world\/?page_id=92#breadcrumb"},"inLanguage":"en-US","potentialAction":[{"@type":"ReadAction","target":["https:\/\/galons.world\/?page_id=92"]}]},{"@type":"BreadcrumbList","@id":"https:\/\/galons.world\/?page_id=92#breadcrumb","itemListElement":[{"@type":"ListItem","position":1,"name":"Home","item":"https:\/\/galons.world\/"},{"@type":"ListItem","position":2,"name":"Design Sprint","item":"https:\/\/galons.world\/?page_id=43"},{"@type":"ListItem","position":3,"name":"Sesja pozytywna- cele d\u0142ugofalowe"}]},{"@type":"WebSite","@id":"https:\/\/galons.world\/#website","url":"https:\/\/galons.world\/","name":"Galon`s World","description":"O tym jak pomys\u0142y staj\u0105 si\u0119 prototypami a prototypy rzeczywisto\u015bci\u0105.","potentialAction":[{"@type":"SearchAction","target":{"@type":"EntryPoint","urlTemplate":"https:\/\/galons.world\/?s={search_term_string}"},"query-input":{"@type":"PropertyValueSpecification","valueRequired":true,"valueName":"search_term_string"}}],"inLanguage":"en-US"}]}},"_links":{"self":[{"href":"https:\/\/galons.world\/index.php?rest_route=\/wp\/v2\/pages\/92","targetHints":{"allow":["GET"]}}],"collection":[{"href":"https:\/\/galons.world\/index.php?rest_route=\/wp\/v2\/pages"}],"about":[{"href":"https:\/\/galons.world\/index.php?rest_route=\/wp\/v2\/types\/page"}],"author":[{"embeddable":true,"href":"https:\/\/galons.world\/index.php?rest_route=\/wp\/v2\/users\/1"}],"replies":[{"embeddable":true,"href":"https:\/\/galons.world\/index.php?rest_route=%2Fwp%2Fv2%2Fcomments&post=92"}],"version-history":[{"count":1,"href":"https:\/\/galons.world\/index.php?rest_route=\/wp\/v2\/pages\/92\/revisions"}],"predecessor-version":[{"id":93,"href":"https:\/\/galons.world\/index.php?rest_route=\/wp\/v2\/pages\/92\/revisions\/93"}],"up":[{"embeddable":true,"href":"https:\/\/galons.world\/index.php?rest_route=\/wp\/v2\/pages\/43"}],"wp:attachment":[{"href":"https:\/\/galons.world\/index.php?rest_route=%2Fwp%2Fv2%2Fmedia&parent=92"}],"curies":[{"name":"wp","href":"https:\/\/api.w.org\/{rel}","templated":true}]}}