{"id":89,"date":"2024-11-09T15:26:27","date_gmt":"2024-11-09T14:26:27","guid":{"rendered":"http:\/\/galons.world\/?page_id=89"},"modified":"2024-11-09T15:26:27","modified_gmt":"2024-11-09T14:26:27","slug":"sesja-negatywna-pytania-sprintu","status":"publish","type":"page","link":"https:\/\/galons.world\/?page_id=89","title":{"rendered":"Sesja negatywna-pytania sprintu"},"content":{"rendered":"\n<p><br>Tw\u00f3rcy metody okre\u015blaj\u0105 efekt tej cz\u0119\u015bci procesu jako \u201epytania sprintu\u201d \u2013 to na nie chcemy uzyska\u0107 odpowied\u017a podczas dzia\u0142a\u0144. Pozwalam sobie jednak zmodyfikowa\u0107 t\u0119 nazw\u0119 na \u201esesja negatywna\u201d, poniewa\u017c w tej fazie zastanawiamy si\u0119, dlaczego projekt m\u00f3g\u0142by si\u0119 nie uda\u0107. Cho\u0107 proponowana nazwa nie jest idealna, ostateczne efekty tej refleksji zapisujemy w formie pyta\u0144-wyzwa\u0144, np. \u201eCo mo\u017cemy zrobi\u0107, aby zapobiec niepo\u017c\u0105danym sytuacjom?\u201d. Taka forma pomaga nam definiowa\u0107 lub weryfikowa\u0107 kluczowe za\u0142o\u017cenia niezb\u0119dne do realizacji projektu.<\/p>\n\n\n\n<p>Je\u015bli napotykamy trudno\u015bci z rozpocz\u0119ciem (a mimo powszechnej sk\u0142onno\u015bci do narzekania jest to cz\u0119sty problem), przydatnym sposobem jest dodanie perspektywy czasowej, np. rok, i u\u015bwiadomienie sobie, co w tym czasie mo\u017ce si\u0119 wydarzy\u0107. W przypadku procesu dydaktycznego mog\u0105 to by\u0107 np. trzy miesi\u0105ce wakacji sp\u0119dzonych na pracy i wyjazdach czy dwie sesje egzaminacyjne. Je\u015bli powstanie du\u017co pyta\u0144, nie selekcjonujemy ich na tym etapie. Selekcja nast\u0105pi p\u00f3\u017aniej, przy wyborze ostatecznego celu.<\/p>\n","protected":false},"excerpt":{"rendered":"<p>Tw\u00f3rcy metody okre\u015blaj\u0105 efekt tej cz\u0119\u015bci procesu jako \u201epytania sprintu\u201d \u2013 to na nie chcemy uzyska\u0107 odpowied\u017a podczas dzia\u0142a\u0144. Pozwalam sobie jednak zmodyfikowa\u0107 t\u0119 nazw\u0119 [&hellip;]<\/p>\n","protected":false},"author":1,"featured_media":0,"parent":43,"menu_order":0,"comment_status":"closed","ping_status":"closed","template":"","meta":{"footnotes":""},"class_list":["post-89","page","type-page","status-publish","hentry"],"yoast_head":"<!-- This site is optimized with the Yoast SEO plugin v24.4 - https:\/\/yoast.com\/wordpress\/plugins\/seo\/ -->\n<title>Sesja negatywna-pytania sprintu - Galon`s World<\/title>\n<meta name=\"robots\" content=\"index, follow, max-snippet:-1, max-image-preview:large, max-video-preview:-1\" \/>\n<link rel=\"canonical\" href=\"https:\/\/galons.world\/?page_id=89\" \/>\n<meta property=\"og:locale\" content=\"en_US\" \/>\n<meta property=\"og:type\" content=\"article\" \/>\n<meta property=\"og:title\" content=\"Sesja negatywna-pytania sprintu - Galon`s World\" \/>\n<meta property=\"og:description\" content=\"Tw\u00f3rcy metody okre\u015blaj\u0105 efekt tej cz\u0119\u015bci procesu jako \u201epytania sprintu\u201d \u2013 to na nie chcemy uzyska\u0107 odpowied\u017a podczas dzia\u0142a\u0144. Pozwalam sobie jednak zmodyfikowa\u0107 t\u0119 nazw\u0119 [&hellip;]\" \/>\n<meta property=\"og:url\" content=\"https:\/\/galons.world\/?page_id=89\" \/>\n<meta property=\"og:site_name\" content=\"Galon`s World\" \/>\n<meta name=\"twitter:card\" content=\"summary_large_image\" \/>\n<meta name=\"twitter:label1\" content=\"Est. reading time\" \/>\n\t<meta name=\"twitter:data1\" content=\"1 minute\" \/>\n<script type=\"application\/ld+json\" class=\"yoast-schema-graph\">{\"@context\":\"https:\/\/schema.org\",\"@graph\":[{\"@type\":\"WebPage\",\"@id\":\"https:\/\/galons.world\/?page_id=89\",\"url\":\"https:\/\/galons.world\/?page_id=89\",\"name\":\"Sesja negatywna-pytania sprintu - Galon`s World\",\"isPartOf\":{\"@id\":\"https:\/\/galons.world\/#website\"},\"datePublished\":\"2024-11-09T14:26:27+00:00\",\"breadcrumb\":{\"@id\":\"https:\/\/galons.world\/?page_id=89#breadcrumb\"},\"inLanguage\":\"en-US\",\"potentialAction\":[{\"@type\":\"ReadAction\",\"target\":[\"https:\/\/galons.world\/?page_id=89\"]}]},{\"@type\":\"BreadcrumbList\",\"@id\":\"https:\/\/galons.world\/?page_id=89#breadcrumb\",\"itemListElement\":[{\"@type\":\"ListItem\",\"position\":1,\"name\":\"Home\",\"item\":\"https:\/\/galons.world\/\"},{\"@type\":\"ListItem\",\"position\":2,\"name\":\"Design Sprint\",\"item\":\"https:\/\/galons.world\/?page_id=43\"},{\"@type\":\"ListItem\",\"position\":3,\"name\":\"Sesja negatywna-pytania sprintu\"}]},{\"@type\":\"WebSite\",\"@id\":\"https:\/\/galons.world\/#website\",\"url\":\"https:\/\/galons.world\/\",\"name\":\"Galon`s World\",\"description\":\"O tym jak pomys\u0142y staj\u0105 si\u0119 prototypami a prototypy rzeczywisto\u015bci\u0105.\",\"potentialAction\":[{\"@type\":\"SearchAction\",\"target\":{\"@type\":\"EntryPoint\",\"urlTemplate\":\"https:\/\/galons.world\/?s={search_term_string}\"},\"query-input\":{\"@type\":\"PropertyValueSpecification\",\"valueRequired\":true,\"valueName\":\"search_term_string\"}}],\"inLanguage\":\"en-US\"}]}<\/script>\n<!-- \/ Yoast SEO plugin. -->","yoast_head_json":{"title":"Sesja negatywna-pytania sprintu - Galon`s World","robots":{"index":"index","follow":"follow","max-snippet":"max-snippet:-1","max-image-preview":"max-image-preview:large","max-video-preview":"max-video-preview:-1"},"canonical":"https:\/\/galons.world\/?page_id=89","og_locale":"en_US","og_type":"article","og_title":"Sesja negatywna-pytania sprintu - Galon`s World","og_description":"Tw\u00f3rcy metody okre\u015blaj\u0105 efekt tej cz\u0119\u015bci procesu jako \u201epytania sprintu\u201d \u2013 to na nie chcemy uzyska\u0107 odpowied\u017a podczas dzia\u0142a\u0144. Pozwalam sobie jednak zmodyfikowa\u0107 t\u0119 nazw\u0119 [&hellip;]","og_url":"https:\/\/galons.world\/?page_id=89","og_site_name":"Galon`s World","twitter_card":"summary_large_image","twitter_misc":{"Est. reading time":"1 minute"},"schema":{"@context":"https:\/\/schema.org","@graph":[{"@type":"WebPage","@id":"https:\/\/galons.world\/?page_id=89","url":"https:\/\/galons.world\/?page_id=89","name":"Sesja negatywna-pytania sprintu - Galon`s World","isPartOf":{"@id":"https:\/\/galons.world\/#website"},"datePublished":"2024-11-09T14:26:27+00:00","breadcrumb":{"@id":"https:\/\/galons.world\/?page_id=89#breadcrumb"},"inLanguage":"en-US","potentialAction":[{"@type":"ReadAction","target":["https:\/\/galons.world\/?page_id=89"]}]},{"@type":"BreadcrumbList","@id":"https:\/\/galons.world\/?page_id=89#breadcrumb","itemListElement":[{"@type":"ListItem","position":1,"name":"Home","item":"https:\/\/galons.world\/"},{"@type":"ListItem","position":2,"name":"Design Sprint","item":"https:\/\/galons.world\/?page_id=43"},{"@type":"ListItem","position":3,"name":"Sesja negatywna-pytania sprintu"}]},{"@type":"WebSite","@id":"https:\/\/galons.world\/#website","url":"https:\/\/galons.world\/","name":"Galon`s World","description":"O tym jak pomys\u0142y staj\u0105 si\u0119 prototypami a prototypy rzeczywisto\u015bci\u0105.","potentialAction":[{"@type":"SearchAction","target":{"@type":"EntryPoint","urlTemplate":"https:\/\/galons.world\/?s={search_term_string}"},"query-input":{"@type":"PropertyValueSpecification","valueRequired":true,"valueName":"search_term_string"}}],"inLanguage":"en-US"}]}},"_links":{"self":[{"href":"https:\/\/galons.world\/index.php?rest_route=\/wp\/v2\/pages\/89","targetHints":{"allow":["GET"]}}],"collection":[{"href":"https:\/\/galons.world\/index.php?rest_route=\/wp\/v2\/pages"}],"about":[{"href":"https:\/\/galons.world\/index.php?rest_route=\/wp\/v2\/types\/page"}],"author":[{"embeddable":true,"href":"https:\/\/galons.world\/index.php?rest_route=\/wp\/v2\/users\/1"}],"replies":[{"embeddable":true,"href":"https:\/\/galons.world\/index.php?rest_route=%2Fwp%2Fv2%2Fcomments&post=89"}],"version-history":[{"count":1,"href":"https:\/\/galons.world\/index.php?rest_route=\/wp\/v2\/pages\/89\/revisions"}],"predecessor-version":[{"id":90,"href":"https:\/\/galons.world\/index.php?rest_route=\/wp\/v2\/pages\/89\/revisions\/90"}],"up":[{"embeddable":true,"href":"https:\/\/galons.world\/index.php?rest_route=\/wp\/v2\/pages\/43"}],"wp:attachment":[{"href":"https:\/\/galons.world\/index.php?rest_route=%2Fwp%2Fv2%2Fmedia&parent=89"}],"curies":[{"name":"wp","href":"https:\/\/api.w.org\/{rel}","templated":true}]}}