{"id":84,"date":"2024-11-07T09:33:38","date_gmt":"2024-11-07T08:33:38","guid":{"rendered":"http:\/\/galons.world\/?page_id=84"},"modified":"2024-11-07T09:33:38","modified_gmt":"2024-11-07T08:33:38","slug":"narzedziownik","status":"publish","type":"page","link":"https:\/\/galons.world\/?page_id=84","title":{"rendered":"Narz\u0119dziownik"},"content":{"rendered":"\n<p>dla seminarzyst\u00f3w<\/p>\n\n\n\n<p>kariera i praktyki <\/p>\n\n\n\n<p>Przestrze\u0144 Kreatywnej Wsp\u00f3\u0142pracy<\/p>\n","protected":false},"excerpt":{"rendered":"<p>dla seminarzyst\u00f3w kariera i praktyki Przestrze\u0144 Kreatywnej Wsp\u00f3\u0142pracy<\/p>\n","protected":false},"author":1,"featured_media":0,"parent":0,"menu_order":0,"comment_status":"closed","ping_status":"closed","template":"","meta":{"footnotes":""},"class_list":["post-84","page","type-page","status-publish","hentry"],"yoast_head":"<!-- This site is optimized with the Yoast SEO plugin v24.4 - https:\/\/yoast.com\/wordpress\/plugins\/seo\/ -->\n<title>Narz\u0119dziownik - Galon`s World<\/title>\n<meta name=\"robots\" content=\"index, follow, max-snippet:-1, max-image-preview:large, max-video-preview:-1\" \/>\n<link rel=\"canonical\" href=\"https:\/\/galons.world\/?page_id=84\" \/>\n<meta property=\"og:locale\" content=\"en_US\" \/>\n<meta property=\"og:type\" content=\"article\" \/>\n<meta property=\"og:title\" content=\"Narz\u0119dziownik - Galon`s World\" \/>\n<meta property=\"og:description\" content=\"dla seminarzyst\u00f3w kariera i praktyki Przestrze\u0144 Kreatywnej Wsp\u00f3\u0142pracy\" \/>\n<meta property=\"og:url\" content=\"https:\/\/galons.world\/?page_id=84\" \/>\n<meta property=\"og:site_name\" content=\"Galon`s World\" \/>\n<meta name=\"twitter:card\" content=\"summary_large_image\" \/>\n<meta name=\"twitter:label1\" content=\"Est. reading time\" \/>\n\t<meta name=\"twitter:data1\" content=\"1 minute\" \/>\n<script type=\"application\/ld+json\" class=\"yoast-schema-graph\">{\"@context\":\"https:\/\/schema.org\",\"@graph\":[{\"@type\":\"WebPage\",\"@id\":\"https:\/\/galons.world\/?page_id=84\",\"url\":\"https:\/\/galons.world\/?page_id=84\",\"name\":\"Narz\u0119dziownik - Galon`s World\",\"isPartOf\":{\"@id\":\"https:\/\/galons.world\/#website\"},\"datePublished\":\"2024-11-07T08:33:38+00:00\",\"breadcrumb\":{\"@id\":\"https:\/\/galons.world\/?page_id=84#breadcrumb\"},\"inLanguage\":\"en-US\",\"potentialAction\":[{\"@type\":\"ReadAction\",\"target\":[\"https:\/\/galons.world\/?page_id=84\"]}]},{\"@type\":\"BreadcrumbList\",\"@id\":\"https:\/\/galons.world\/?page_id=84#breadcrumb\",\"itemListElement\":[{\"@type\":\"ListItem\",\"position\":1,\"name\":\"Home\",\"item\":\"https:\/\/galons.world\/\"},{\"@type\":\"ListItem\",\"position\":2,\"name\":\"Narz\u0119dziownik\"}]},{\"@type\":\"WebSite\",\"@id\":\"https:\/\/galons.world\/#website\",\"url\":\"https:\/\/galons.world\/\",\"name\":\"Galon`s World\",\"description\":\"O tym jak pomys\u0142y staj\u0105 si\u0119 prototypami a prototypy rzeczywisto\u015bci\u0105.\",\"potentialAction\":[{\"@type\":\"SearchAction\",\"target\":{\"@type\":\"EntryPoint\",\"urlTemplate\":\"https:\/\/galons.world\/?s={search_term_string}\"},\"query-input\":{\"@type\":\"PropertyValueSpecification\",\"valueRequired\":true,\"valueName\":\"search_term_string\"}}],\"inLanguage\":\"en-US\"}]}<\/script>\n<!-- \/ Yoast SEO plugin. -->","yoast_head_json":{"title":"Narz\u0119dziownik - Galon`s World","robots":{"index":"index","follow":"follow","max-snippet":"max-snippet:-1","max-image-preview":"max-image-preview:large","max-video-preview":"max-video-preview:-1"},"canonical":"https:\/\/galons.world\/?page_id=84","og_locale":"en_US","og_type":"article","og_title":"Narz\u0119dziownik - Galon`s World","og_description":"dla seminarzyst\u00f3w kariera i praktyki Przestrze\u0144 Kreatywnej Wsp\u00f3\u0142pracy","og_url":"https:\/\/galons.world\/?page_id=84","og_site_name":"Galon`s World","twitter_card":"summary_large_image","twitter_misc":{"Est. reading time":"1 minute"},"schema":{"@context":"https:\/\/schema.org","@graph":[{"@type":"WebPage","@id":"https:\/\/galons.world\/?page_id=84","url":"https:\/\/galons.world\/?page_id=84","name":"Narz\u0119dziownik - Galon`s World","isPartOf":{"@id":"https:\/\/galons.world\/#website"},"datePublished":"2024-11-07T08:33:38+00:00","breadcrumb":{"@id":"https:\/\/galons.world\/?page_id=84#breadcrumb"},"inLanguage":"en-US","potentialAction":[{"@type":"ReadAction","target":["https:\/\/galons.world\/?page_id=84"]}]},{"@type":"BreadcrumbList","@id":"https:\/\/galons.world\/?page_id=84#breadcrumb","itemListElement":[{"@type":"ListItem","position":1,"name":"Home","item":"https:\/\/galons.world\/"},{"@type":"ListItem","position":2,"name":"Narz\u0119dziownik"}]},{"@type":"WebSite","@id":"https:\/\/galons.world\/#website","url":"https:\/\/galons.world\/","name":"Galon`s World","description":"O tym jak pomys\u0142y staj\u0105 si\u0119 prototypami a prototypy rzeczywisto\u015bci\u0105.","potentialAction":[{"@type":"SearchAction","target":{"@type":"EntryPoint","urlTemplate":"https:\/\/galons.world\/?s={search_term_string}"},"query-input":{"@type":"PropertyValueSpecification","valueRequired":true,"valueName":"search_term_string"}}],"inLanguage":"en-US"}]}},"_links":{"self":[{"href":"https:\/\/galons.world\/index.php?rest_route=\/wp\/v2\/pages\/84","targetHints":{"allow":["GET"]}}],"collection":[{"href":"https:\/\/galons.world\/index.php?rest_route=\/wp\/v2\/pages"}],"about":[{"href":"https:\/\/galons.world\/index.php?rest_route=\/wp\/v2\/types\/page"}],"author":[{"embeddable":true,"href":"https:\/\/galons.world\/index.php?rest_route=\/wp\/v2\/users\/1"}],"replies":[{"embeddable":true,"href":"https:\/\/galons.world\/index.php?rest_route=%2Fwp%2Fv2%2Fcomments&post=84"}],"version-history":[{"count":1,"href":"https:\/\/galons.world\/index.php?rest_route=\/wp\/v2\/pages\/84\/revisions"}],"predecessor-version":[{"id":87,"href":"https:\/\/galons.world\/index.php?rest_route=\/wp\/v2\/pages\/84\/revisions\/87"}],"wp:attachment":[{"href":"https:\/\/galons.world\/index.php?rest_route=%2Fwp%2Fv2%2Fmedia&parent=84"}],"curies":[{"name":"wp","href":"https:\/\/api.w.org\/{rel}","templated":true}]}}