{"id":81,"date":"2024-11-07T09:17:28","date_gmt":"2024-11-07T08:17:28","guid":{"rendered":"http:\/\/galons.world\/?page_id=81"},"modified":"2024-11-07T09:17:28","modified_gmt":"2024-11-07T08:17:28","slug":"mapa","status":"publish","type":"page","link":"https:\/\/galons.world\/?page_id=81","title":{"rendered":"Mapa"},"content":{"rendered":"\n<p><strong>Mapa<\/strong> jest ostatnim elementem, kt\u00f3ry tworzymy w poniedzia\u0142ek, czyli pierwszego dnia Design Sprintu. Podobnie jak cele d\u0142ugoterminowe (efekty \u201esesji pozytywnej\u201d, podczas kt\u00f3rej odpowiadamy na pytania w stylu \u201edlaczego nad tym pracujemy?\u201d i \u201eco chcemy osi\u0105gn\u0105\u0107?\u201d) oraz pytania sprintowe (wynik \u201esesji negatywnej\u201d, gdzie zapisujemy wyzwania w stylu \u201eco musi si\u0119 sta\u0107, aby nam si\u0119 uda\u0142o?\u201d), mapa mo\u017ce ulec zmianie po rozmowach z zaproszonymi ekspertami. Ju\u017c po pierwszych 90 minutach (mniej wi\u0119cej tyle zajmuje przygotowanie mapy, cho\u0107 pierwsze szkice mog\u0105 pojawi\u0107 si\u0119 po oko\u0142o 30 minutach) b\u0119dziemy mieli znacznie lepsze zrozumienie tego, co w\u0142a\u015bciwie chcemy osi\u0105gn\u0105\u0107.<\/p>\n\n\n\n<p>Map\u0119 najcz\u0119\u015bciej rysuje moderator przy udziale grupy, ale w procesie dydaktycznym warto odej\u015b\u0107 od tego rozwi\u0105zania. Ka\u017cdy cz\u0142onek zespo\u0142u sprintowego lepiej nauczy si\u0119 tworzy\u0107 mapy, je\u015bli b\u0119dzie aktywnie uczestniczy\u0142 w tym zadaniu.<\/p>\n\n\n\n<p>Mapa pozwala utrzyma\u0107 koncentracj\u0119 na zadaniach zaakceptowanych przez grup\u0119 (i tylko na nich!), a tak\u017ce pomaga przypomina\u0107 kluczowe informacje bez anga\u017cowania niepotrzebnie pami\u0119ci. Dlatego mapa, pytania i cele powinny by\u0107 zawieszone w miejscu widocznym i dost\u0119pnym dla wszystkich przez ca\u0142y czas (tak jak wybrane notatki \u201eJak mo\u017cemy?\u201d po rozmowach z ekspertami, o kt\u00f3rych opowiemy p\u00f3\u017aniej). Wa\u017cne jest, aby w zasi\u0119gu wzroku zespo\u0142u znajdowa\u0142 si\u0119 r\u00f3wnie\u017c pierwotny problem, dla rozwi\u0105zania kt\u00f3rego si\u0119 zebrali.<\/p>\n\n\n\n<p>Mapa powinna by\u0107 prosta i zawiera\u0107 wy\u0142\u0105cznie najwa\u017cniejsze elementy \u2013 bez niuans\u00f3w, wariant\u00f3w czy dodatkowych opcji. Po lewej stronie umieszczamy \u201eaktor\u00f3w\u201d (klient\u00f3w, kluczowych partner\u00f3w, oponent\u00f3w), a na ko\u0144cu zaznaczamy osi\u0105gni\u0119cie celu. W \u015brodku mapy powinno znale\u017a\u0107 si\u0119 5-15 krok\u00f3w przedstawionych za pomoc\u0105 strza\u0142ek, s\u0142\u00f3w i ramek, pokazuj\u0105cych interakcje mi\u0119dzy aktorami lub interakcje z produktem na drodze do celu. Inspiracji do tworzenia mapy mo\u017cna szuka\u0107 w narz\u0119dziach takich jak journey mapping czy analiza \u0142a\u0144cucha warto\u015bci.<\/p>\n\n\n\n<p>Tworzenie mapy w praktyce bywa wyzwaniem, poniewa\u017c nie zawsze jest jasne, czy powinna ona przedstawia\u0107 obecny stan rzeczy (gdy chcemy zmieni\u0107 co\u015b, co ju\u017c istnieje), czy te\u017c idealny, przysz\u0142y \u015bwiat, w kt\u00f3rym nasze innowacyjne rozwi\u0105zanie zosta\u0142o wprowadzone. To oka\u017ce si\u0119 w toku prac, wi\u0119c nie ma potrzeby nadmiernie zastanawia\u0107 si\u0119 nad jej dok\u0142adnym zakresem. Mapa mo\u017ce zmienia\u0107 si\u0119 podczas rozm\u00f3w z ekspertami, wi\u0119c nie nale\u017cy zbytnio si\u0119 do niej przywi\u0105zywa\u0107 (nawet cele mog\u0105 zosta\u0107 zupe\u0142nie przeformu\u0142owane).<\/p>\n\n\n\n<p>Zgodnie z pierwotnym procesem, do mapy nie przykleja si\u0119 ani celu, ani problemu. Jednak moim zdaniem warto zako\u0144czy\u0107 pierwszy dzie\u0144 (po wykonaniu kilku dodatkowych krok\u00f3w od stworzenia mapy) grafik\u0105 podsumowuj\u0105c\u0105 ca\u0142\u0105 dotychczasow\u0105 prac\u0119 \u2014 szczeg\u00f3\u0142y om\u00f3wi\u0119 p\u00f3\u017aniej.<\/p>\n","protected":false},"excerpt":{"rendered":"<p>Mapa jest ostatnim elementem, kt\u00f3ry tworzymy w poniedzia\u0142ek, czyli pierwszego dnia Design Sprintu. Podobnie jak cele d\u0142ugoterminowe (efekty \u201esesji pozytywnej\u201d, podczas kt\u00f3rej odpowiadamy na pytania [&hellip;]<\/p>\n","protected":false},"author":1,"featured_media":0,"parent":43,"menu_order":0,"comment_status":"closed","ping_status":"closed","template":"","meta":{"footnotes":""},"class_list":["post-81","page","type-page","status-publish","hentry"],"yoast_head":"<!-- This site is optimized with the Yoast SEO plugin v24.4 - https:\/\/yoast.com\/wordpress\/plugins\/seo\/ -->\n<title>Mapa - Galon`s World<\/title>\n<meta name=\"robots\" content=\"index, follow, max-snippet:-1, max-image-preview:large, max-video-preview:-1\" \/>\n<link rel=\"canonical\" href=\"https:\/\/galons.world\/?page_id=81\" \/>\n<meta property=\"og:locale\" content=\"en_US\" \/>\n<meta property=\"og:type\" content=\"article\" \/>\n<meta property=\"og:title\" content=\"Mapa - Galon`s World\" \/>\n<meta property=\"og:description\" content=\"Mapa jest ostatnim elementem, kt\u00f3ry tworzymy w poniedzia\u0142ek, czyli pierwszego dnia Design Sprintu. Podobnie jak cele d\u0142ugoterminowe (efekty \u201esesji pozytywnej\u201d, podczas kt\u00f3rej odpowiadamy na pytania [&hellip;]\" \/>\n<meta property=\"og:url\" content=\"https:\/\/galons.world\/?page_id=81\" \/>\n<meta property=\"og:site_name\" content=\"Galon`s World\" \/>\n<meta name=\"twitter:card\" content=\"summary_large_image\" \/>\n<meta name=\"twitter:label1\" content=\"Est. reading time\" \/>\n\t<meta name=\"twitter:data1\" content=\"2 minutes\" \/>\n<script type=\"application\/ld+json\" class=\"yoast-schema-graph\">{\"@context\":\"https:\/\/schema.org\",\"@graph\":[{\"@type\":\"WebPage\",\"@id\":\"https:\/\/galons.world\/?page_id=81\",\"url\":\"https:\/\/galons.world\/?page_id=81\",\"name\":\"Mapa - Galon`s World\",\"isPartOf\":{\"@id\":\"https:\/\/galons.world\/#website\"},\"datePublished\":\"2024-11-07T08:17:28+00:00\",\"breadcrumb\":{\"@id\":\"https:\/\/galons.world\/?page_id=81#breadcrumb\"},\"inLanguage\":\"en-US\",\"potentialAction\":[{\"@type\":\"ReadAction\",\"target\":[\"https:\/\/galons.world\/?page_id=81\"]}]},{\"@type\":\"BreadcrumbList\",\"@id\":\"https:\/\/galons.world\/?page_id=81#breadcrumb\",\"itemListElement\":[{\"@type\":\"ListItem\",\"position\":1,\"name\":\"Home\",\"item\":\"https:\/\/galons.world\/\"},{\"@type\":\"ListItem\",\"position\":2,\"name\":\"Design Sprint\",\"item\":\"https:\/\/galons.world\/?page_id=43\"},{\"@type\":\"ListItem\",\"position\":3,\"name\":\"Mapa\"}]},{\"@type\":\"WebSite\",\"@id\":\"https:\/\/galons.world\/#website\",\"url\":\"https:\/\/galons.world\/\",\"name\":\"Galon`s World\",\"description\":\"O tym jak pomys\u0142y staj\u0105 si\u0119 prototypami a prototypy rzeczywisto\u015bci\u0105.\",\"potentialAction\":[{\"@type\":\"SearchAction\",\"target\":{\"@type\":\"EntryPoint\",\"urlTemplate\":\"https:\/\/galons.world\/?s={search_term_string}\"},\"query-input\":{\"@type\":\"PropertyValueSpecification\",\"valueRequired\":true,\"valueName\":\"search_term_string\"}}],\"inLanguage\":\"en-US\"}]}<\/script>\n<!-- \/ Yoast SEO plugin. -->","yoast_head_json":{"title":"Mapa - Galon`s World","robots":{"index":"index","follow":"follow","max-snippet":"max-snippet:-1","max-image-preview":"max-image-preview:large","max-video-preview":"max-video-preview:-1"},"canonical":"https:\/\/galons.world\/?page_id=81","og_locale":"en_US","og_type":"article","og_title":"Mapa - Galon`s World","og_description":"Mapa jest ostatnim elementem, kt\u00f3ry tworzymy w poniedzia\u0142ek, czyli pierwszego dnia Design Sprintu. Podobnie jak cele d\u0142ugoterminowe (efekty \u201esesji pozytywnej\u201d, podczas kt\u00f3rej odpowiadamy na pytania [&hellip;]","og_url":"https:\/\/galons.world\/?page_id=81","og_site_name":"Galon`s World","twitter_card":"summary_large_image","twitter_misc":{"Est. reading time":"2 minutes"},"schema":{"@context":"https:\/\/schema.org","@graph":[{"@type":"WebPage","@id":"https:\/\/galons.world\/?page_id=81","url":"https:\/\/galons.world\/?page_id=81","name":"Mapa - Galon`s World","isPartOf":{"@id":"https:\/\/galons.world\/#website"},"datePublished":"2024-11-07T08:17:28+00:00","breadcrumb":{"@id":"https:\/\/galons.world\/?page_id=81#breadcrumb"},"inLanguage":"en-US","potentialAction":[{"@type":"ReadAction","target":["https:\/\/galons.world\/?page_id=81"]}]},{"@type":"BreadcrumbList","@id":"https:\/\/galons.world\/?page_id=81#breadcrumb","itemListElement":[{"@type":"ListItem","position":1,"name":"Home","item":"https:\/\/galons.world\/"},{"@type":"ListItem","position":2,"name":"Design Sprint","item":"https:\/\/galons.world\/?page_id=43"},{"@type":"ListItem","position":3,"name":"Mapa"}]},{"@type":"WebSite","@id":"https:\/\/galons.world\/#website","url":"https:\/\/galons.world\/","name":"Galon`s World","description":"O tym jak pomys\u0142y staj\u0105 si\u0119 prototypami a prototypy rzeczywisto\u015bci\u0105.","potentialAction":[{"@type":"SearchAction","target":{"@type":"EntryPoint","urlTemplate":"https:\/\/galons.world\/?s={search_term_string}"},"query-input":{"@type":"PropertyValueSpecification","valueRequired":true,"valueName":"search_term_string"}}],"inLanguage":"en-US"}]}},"_links":{"self":[{"href":"https:\/\/galons.world\/index.php?rest_route=\/wp\/v2\/pages\/81","targetHints":{"allow":["GET"]}}],"collection":[{"href":"https:\/\/galons.world\/index.php?rest_route=\/wp\/v2\/pages"}],"about":[{"href":"https:\/\/galons.world\/index.php?rest_route=\/wp\/v2\/types\/page"}],"author":[{"embeddable":true,"href":"https:\/\/galons.world\/index.php?rest_route=\/wp\/v2\/users\/1"}],"replies":[{"embeddable":true,"href":"https:\/\/galons.world\/index.php?rest_route=%2Fwp%2Fv2%2Fcomments&post=81"}],"version-history":[{"count":1,"href":"https:\/\/galons.world\/index.php?rest_route=\/wp\/v2\/pages\/81\/revisions"}],"predecessor-version":[{"id":82,"href":"https:\/\/galons.world\/index.php?rest_route=\/wp\/v2\/pages\/81\/revisions\/82"}],"up":[{"embeddable":true,"href":"https:\/\/galons.world\/index.php?rest_route=\/wp\/v2\/pages\/43"}],"wp:attachment":[{"href":"https:\/\/galons.world\/index.php?rest_route=%2Fwp%2Fv2%2Fmedia&parent=81"}],"curies":[{"name":"wp","href":"https:\/\/api.w.org\/{rel}","templated":true}]}}