{"id":19,"date":"2024-10-29T17:25:37","date_gmt":"2024-10-29T16:25:37","guid":{"rendered":"http:\/\/galons.world\/?page_id=19"},"modified":"2024-10-29T17:48:37","modified_gmt":"2024-10-29T16:48:37","slug":"newsletter-cywilizacyjnie-wazny","status":"publish","type":"page","link":"https:\/\/galons.world\/?page_id=19","title":{"rendered":"Newsletter Cywilizacyjnie Wa\u017cny (NCW)"},"content":{"rendered":"\n<p>Szanowni Pa\u0144stwo, celem tego projektu nie jest tworzenie medialnego koncernu walcz\u0105cego o uwag\u0119 odbiorc\u00f3w ani podcastu na miar\u0119 \u201eRaportu o stanie \u015bwiata.\u201d Nasz projekt ma \u201ejedynie\u201d gromadzi\u0107 i przekazywa\u0107 w zwi\u0119z\u0142ej formie informacje niezb\u0119dne, by cz\u0142owiek m\u00f3g\u0142 by\u0107 \u015bwiadom\u0105 cz\u0119\u015bci\u0105 cywilizacji.<\/p>\n\n\n\n<p>Niewiele informacji wymaga natychmiastowego przyswojenia \u2013 je\u015bli co\u015b nie stanowi bezpo\u015bredniego zagro\u017cenia, nie wymaga po\u015bpiechu. Informacja nie musi by\u0107 \u201epopularna\u201d ani chwytliwa, by prowadzi\u0107 do realizacji istotnych cel\u00f3w. Nie na ka\u017cdy temat trzeba mie\u0107 wyrobione zdanie \u2013 nasze zasoby poznawcze i czasowe s\u0105 ograniczone, a po\u015bwi\u0119canie uwagi sprawom drugorz\u0119dnym jest cz\u0119sto zb\u0119dne. NCW ma by\u0107 zwi\u0119z\u0142\u0105 \u201epigu\u0142k\u0105\u201d wiedzy potrzebnej do dzia\u0142ania i realizacji cel\u00f3w. Ka\u017cdy komunikat zawiera uzasadnienie, dlaczego jest istotny.<\/p>\n\n\n\n<p>NCW ma zajmowa\u0107 oko\u0142o godzin\u0119, z czego jedynie 30 minut powinno wymaga\u0107 pe\u0142nej koncentracji. Projekt powinien si\u0119 rozwija\u0107 w swoich ramach, jednak nie przekracza\u0107 tych za\u0142o\u017ce\u0144 czasowych. Szanujemy r\u00f3\u017cne role spo\u0142eczne odbiorc\u00f3w i nie aspirujemy do wype\u0142nienia ca\u0142ego ich \u017cycia informacjami. Zdajemy sobie tak\u017ce spraw\u0119, \u017ce nie mo\u017cemy by\u0107 jedynym \u017ar\u00f3d\u0142em wiedzy \u2013 nasza oferta nie jest wyczerpuj\u0105ca. <\/p>\n\n\n\n<p><\/p>\n","protected":false},"excerpt":{"rendered":"<p>Szanowni Pa\u0144stwo, celem tego projektu nie jest tworzenie medialnego koncernu walcz\u0105cego o uwag\u0119 odbiorc\u00f3w ani podcastu na miar\u0119 \u201eRaportu o stanie \u015bwiata.\u201d Nasz projekt ma [&hellip;]<\/p>\n","protected":false},"author":1,"featured_media":0,"parent":0,"menu_order":0,"comment_status":"closed","ping_status":"closed","template":"","meta":{"footnotes":""},"class_list":["post-19","page","type-page","status-publish","hentry"],"yoast_head":"<!-- This site is optimized with the Yoast SEO plugin v24.4 - https:\/\/yoast.com\/wordpress\/plugins\/seo\/ -->\n<title>Newsletter Cywilizacyjnie Wa\u017cny (NCW) - Galon`s World<\/title>\n<meta name=\"robots\" content=\"index, follow, max-snippet:-1, max-image-preview:large, max-video-preview:-1\" \/>\n<link rel=\"canonical\" href=\"https:\/\/galons.world\/?page_id=19\" \/>\n<meta property=\"og:locale\" content=\"en_US\" \/>\n<meta property=\"og:type\" content=\"article\" \/>\n<meta property=\"og:title\" content=\"Newsletter Cywilizacyjnie Wa\u017cny (NCW) - Galon`s World\" \/>\n<meta property=\"og:description\" content=\"Szanowni Pa\u0144stwo, celem tego projektu nie jest tworzenie medialnego koncernu walcz\u0105cego o uwag\u0119 odbiorc\u00f3w ani podcastu na miar\u0119 \u201eRaportu o stanie \u015bwiata.\u201d Nasz projekt ma [&hellip;]\" \/>\n<meta property=\"og:url\" content=\"https:\/\/galons.world\/?page_id=19\" \/>\n<meta property=\"og:site_name\" content=\"Galon`s World\" \/>\n<meta property=\"article:modified_time\" content=\"2024-10-29T16:48:37+00:00\" \/>\n<meta name=\"twitter:card\" content=\"summary_large_image\" \/>\n<meta name=\"twitter:label1\" content=\"Est. reading time\" \/>\n\t<meta name=\"twitter:data1\" content=\"1 minute\" \/>\n<script type=\"application\/ld+json\" class=\"yoast-schema-graph\">{\"@context\":\"https:\/\/schema.org\",\"@graph\":[{\"@type\":\"WebPage\",\"@id\":\"https:\/\/galons.world\/?page_id=19\",\"url\":\"https:\/\/galons.world\/?page_id=19\",\"name\":\"Newsletter Cywilizacyjnie Wa\u017cny (NCW) - Galon`s World\",\"isPartOf\":{\"@id\":\"https:\/\/galons.world\/#website\"},\"datePublished\":\"2024-10-29T16:25:37+00:00\",\"dateModified\":\"2024-10-29T16:48:37+00:00\",\"breadcrumb\":{\"@id\":\"https:\/\/galons.world\/?page_id=19#breadcrumb\"},\"inLanguage\":\"en-US\",\"potentialAction\":[{\"@type\":\"ReadAction\",\"target\":[\"https:\/\/galons.world\/?page_id=19\"]}]},{\"@type\":\"BreadcrumbList\",\"@id\":\"https:\/\/galons.world\/?page_id=19#breadcrumb\",\"itemListElement\":[{\"@type\":\"ListItem\",\"position\":1,\"name\":\"Home\",\"item\":\"https:\/\/galons.world\/\"},{\"@type\":\"ListItem\",\"position\":2,\"name\":\"Newsletter Cywilizacyjnie Wa\u017cny (NCW)\"}]},{\"@type\":\"WebSite\",\"@id\":\"https:\/\/galons.world\/#website\",\"url\":\"https:\/\/galons.world\/\",\"name\":\"Galon`s World\",\"description\":\"O tym jak pomys\u0142y staj\u0105 si\u0119 prototypami a prototypy rzeczywisto\u015bci\u0105.\",\"potentialAction\":[{\"@type\":\"SearchAction\",\"target\":{\"@type\":\"EntryPoint\",\"urlTemplate\":\"https:\/\/galons.world\/?s={search_term_string}\"},\"query-input\":{\"@type\":\"PropertyValueSpecification\",\"valueRequired\":true,\"valueName\":\"search_term_string\"}}],\"inLanguage\":\"en-US\"}]}<\/script>\n<!-- \/ Yoast SEO plugin. -->","yoast_head_json":{"title":"Newsletter Cywilizacyjnie Wa\u017cny (NCW) - Galon`s World","robots":{"index":"index","follow":"follow","max-snippet":"max-snippet:-1","max-image-preview":"max-image-preview:large","max-video-preview":"max-video-preview:-1"},"canonical":"https:\/\/galons.world\/?page_id=19","og_locale":"en_US","og_type":"article","og_title":"Newsletter Cywilizacyjnie Wa\u017cny (NCW) - Galon`s World","og_description":"Szanowni Pa\u0144stwo, celem tego projektu nie jest tworzenie medialnego koncernu walcz\u0105cego o uwag\u0119 odbiorc\u00f3w ani podcastu na miar\u0119 \u201eRaportu o stanie \u015bwiata.\u201d Nasz projekt ma [&hellip;]","og_url":"https:\/\/galons.world\/?page_id=19","og_site_name":"Galon`s World","article_modified_time":"2024-10-29T16:48:37+00:00","twitter_card":"summary_large_image","twitter_misc":{"Est. reading time":"1 minute"},"schema":{"@context":"https:\/\/schema.org","@graph":[{"@type":"WebPage","@id":"https:\/\/galons.world\/?page_id=19","url":"https:\/\/galons.world\/?page_id=19","name":"Newsletter Cywilizacyjnie Wa\u017cny (NCW) - Galon`s World","isPartOf":{"@id":"https:\/\/galons.world\/#website"},"datePublished":"2024-10-29T16:25:37+00:00","dateModified":"2024-10-29T16:48:37+00:00","breadcrumb":{"@id":"https:\/\/galons.world\/?page_id=19#breadcrumb"},"inLanguage":"en-US","potentialAction":[{"@type":"ReadAction","target":["https:\/\/galons.world\/?page_id=19"]}]},{"@type":"BreadcrumbList","@id":"https:\/\/galons.world\/?page_id=19#breadcrumb","itemListElement":[{"@type":"ListItem","position":1,"name":"Home","item":"https:\/\/galons.world\/"},{"@type":"ListItem","position":2,"name":"Newsletter Cywilizacyjnie Wa\u017cny (NCW)"}]},{"@type":"WebSite","@id":"https:\/\/galons.world\/#website","url":"https:\/\/galons.world\/","name":"Galon`s World","description":"O tym jak pomys\u0142y staj\u0105 si\u0119 prototypami a prototypy rzeczywisto\u015bci\u0105.","potentialAction":[{"@type":"SearchAction","target":{"@type":"EntryPoint","urlTemplate":"https:\/\/galons.world\/?s={search_term_string}"},"query-input":{"@type":"PropertyValueSpecification","valueRequired":true,"valueName":"search_term_string"}}],"inLanguage":"en-US"}]}},"_links":{"self":[{"href":"https:\/\/galons.world\/index.php?rest_route=\/wp\/v2\/pages\/19","targetHints":{"allow":["GET"]}}],"collection":[{"href":"https:\/\/galons.world\/index.php?rest_route=\/wp\/v2\/pages"}],"about":[{"href":"https:\/\/galons.world\/index.php?rest_route=\/wp\/v2\/types\/page"}],"author":[{"embeddable":true,"href":"https:\/\/galons.world\/index.php?rest_route=\/wp\/v2\/users\/1"}],"replies":[{"embeddable":true,"href":"https:\/\/galons.world\/index.php?rest_route=%2Fwp%2Fv2%2Fcomments&post=19"}],"version-history":[{"count":4,"href":"https:\/\/galons.world\/index.php?rest_route=\/wp\/v2\/pages\/19\/revisions"}],"predecessor-version":[{"id":28,"href":"https:\/\/galons.world\/index.php?rest_route=\/wp\/v2\/pages\/19\/revisions\/28"}],"wp:attachment":[{"href":"https:\/\/galons.world\/index.php?rest_route=%2Fwp%2Fv2%2Fmedia&parent=19"}],"curies":[{"name":"wp","href":"https:\/\/api.w.org\/{rel}","templated":true}]}}