{"id":174,"date":"2024-11-27T19:52:14","date_gmt":"2024-11-27T18:52:14","guid":{"rendered":"http:\/\/galons.world\/?page_id=174"},"modified":"2024-11-27T21:17:06","modified_gmt":"2024-11-27T20:17:06","slug":"praca-dyplomowa","status":"publish","type":"page","link":"https:\/\/galons.world\/?page_id=174","title":{"rendered":"Praca dyplomowa"},"content":{"rendered":"\n<p>Praca dyplomowa (licencjacka) to:<\/p>\n\n\n\n<p>-minimum 80 tys. znak\u00f3w ze spacjami- maksymalnie 100 tys. (d\u0142u\u017cszych nie czytam),<\/p>\n\n\n\n<p>-oko\u0142o 30-40 pozycji bibliograficznych,<\/p>\n\n\n\n<p>-oko\u0142o 30-80 przypis\u00f3w,<\/p>\n\n\n\n<p>-max. 10-15% tre\u015bci to cytat. <\/p>\n\n\n\n<p>Ministerstwo Nauki i Szkolnictwa Wy\u017cszego ostrzega: zalecane wska\u017aniki (poza 80 tys. znak\u00f3w) s\u0105 warto\u015bciami nigdzie nie zapisanymi, przybli\u017conymi i subiektywnie wybranymi przez prowadz\u0105cego bloga. <\/p>\n\n\n\n<p><\/p>\n","protected":false},"excerpt":{"rendered":"<p>Praca dyplomowa (licencjacka) to: -minimum 80 tys. znak\u00f3w ze spacjami- maksymalnie 100 tys. (d\u0142u\u017cszych nie czytam), -oko\u0142o 30-40 pozycji bibliograficznych, -oko\u0142o 30-80 przypis\u00f3w, -max. 10-15% [&hellip;]<\/p>\n","protected":false},"author":1,"featured_media":0,"parent":171,"menu_order":0,"comment_status":"closed","ping_status":"closed","template":"","meta":{"footnotes":""},"class_list":["post-174","page","type-page","status-publish","hentry"],"yoast_head":"<!-- This site is optimized with the Yoast SEO plugin v24.4 - https:\/\/yoast.com\/wordpress\/plugins\/seo\/ -->\n<title>Praca dyplomowa - Galon`s World<\/title>\n<meta name=\"robots\" content=\"index, follow, max-snippet:-1, max-image-preview:large, max-video-preview:-1\" \/>\n<link rel=\"canonical\" href=\"https:\/\/galons.world\/?page_id=174\" \/>\n<meta property=\"og:locale\" content=\"en_US\" \/>\n<meta property=\"og:type\" content=\"article\" \/>\n<meta property=\"og:title\" content=\"Praca dyplomowa - Galon`s World\" \/>\n<meta property=\"og:description\" content=\"Praca dyplomowa (licencjacka) to: -minimum 80 tys. znak\u00f3w ze spacjami- maksymalnie 100 tys. (d\u0142u\u017cszych nie czytam), -oko\u0142o 30-40 pozycji bibliograficznych, -oko\u0142o 30-80 przypis\u00f3w, -max. 10-15% [&hellip;]\" \/>\n<meta property=\"og:url\" content=\"https:\/\/galons.world\/?page_id=174\" \/>\n<meta property=\"og:site_name\" content=\"Galon`s World\" \/>\n<meta property=\"article:modified_time\" content=\"2024-11-27T20:17:06+00:00\" \/>\n<meta name=\"twitter:card\" content=\"summary_large_image\" \/>\n<meta name=\"twitter:label1\" content=\"Est. reading time\" \/>\n\t<meta name=\"twitter:data1\" content=\"1 minute\" \/>\n<script type=\"application\/ld+json\" class=\"yoast-schema-graph\">{\"@context\":\"https:\/\/schema.org\",\"@graph\":[{\"@type\":\"WebPage\",\"@id\":\"https:\/\/galons.world\/?page_id=174\",\"url\":\"https:\/\/galons.world\/?page_id=174\",\"name\":\"Praca dyplomowa - Galon`s World\",\"isPartOf\":{\"@id\":\"https:\/\/galons.world\/#website\"},\"datePublished\":\"2024-11-27T18:52:14+00:00\",\"dateModified\":\"2024-11-27T20:17:06+00:00\",\"breadcrumb\":{\"@id\":\"https:\/\/galons.world\/?page_id=174#breadcrumb\"},\"inLanguage\":\"en-US\",\"potentialAction\":[{\"@type\":\"ReadAction\",\"target\":[\"https:\/\/galons.world\/?page_id=174\"]}]},{\"@type\":\"BreadcrumbList\",\"@id\":\"https:\/\/galons.world\/?page_id=174#breadcrumb\",\"itemListElement\":[{\"@type\":\"ListItem\",\"position\":1,\"name\":\"Home\",\"item\":\"https:\/\/galons.world\/\"},{\"@type\":\"ListItem\",\"position\":2,\"name\":\"Seminarium Licencjackie\",\"item\":\"https:\/\/galons.world\/?page_id=171\"},{\"@type\":\"ListItem\",\"position\":3,\"name\":\"Praca dyplomowa\"}]},{\"@type\":\"WebSite\",\"@id\":\"https:\/\/galons.world\/#website\",\"url\":\"https:\/\/galons.world\/\",\"name\":\"Galon`s World\",\"description\":\"O tym jak pomys\u0142y staj\u0105 si\u0119 prototypami a prototypy rzeczywisto\u015bci\u0105.\",\"potentialAction\":[{\"@type\":\"SearchAction\",\"target\":{\"@type\":\"EntryPoint\",\"urlTemplate\":\"https:\/\/galons.world\/?s={search_term_string}\"},\"query-input\":{\"@type\":\"PropertyValueSpecification\",\"valueRequired\":true,\"valueName\":\"search_term_string\"}}],\"inLanguage\":\"en-US\"}]}<\/script>\n<!-- \/ Yoast SEO plugin. -->","yoast_head_json":{"title":"Praca dyplomowa - Galon`s World","robots":{"index":"index","follow":"follow","max-snippet":"max-snippet:-1","max-image-preview":"max-image-preview:large","max-video-preview":"max-video-preview:-1"},"canonical":"https:\/\/galons.world\/?page_id=174","og_locale":"en_US","og_type":"article","og_title":"Praca dyplomowa - Galon`s World","og_description":"Praca dyplomowa (licencjacka) to: -minimum 80 tys. znak\u00f3w ze spacjami- maksymalnie 100 tys. (d\u0142u\u017cszych nie czytam), -oko\u0142o 30-40 pozycji bibliograficznych, -oko\u0142o 30-80 przypis\u00f3w, -max. 10-15% [&hellip;]","og_url":"https:\/\/galons.world\/?page_id=174","og_site_name":"Galon`s World","article_modified_time":"2024-11-27T20:17:06+00:00","twitter_card":"summary_large_image","twitter_misc":{"Est. reading time":"1 minute"},"schema":{"@context":"https:\/\/schema.org","@graph":[{"@type":"WebPage","@id":"https:\/\/galons.world\/?page_id=174","url":"https:\/\/galons.world\/?page_id=174","name":"Praca dyplomowa - Galon`s World","isPartOf":{"@id":"https:\/\/galons.world\/#website"},"datePublished":"2024-11-27T18:52:14+00:00","dateModified":"2024-11-27T20:17:06+00:00","breadcrumb":{"@id":"https:\/\/galons.world\/?page_id=174#breadcrumb"},"inLanguage":"en-US","potentialAction":[{"@type":"ReadAction","target":["https:\/\/galons.world\/?page_id=174"]}]},{"@type":"BreadcrumbList","@id":"https:\/\/galons.world\/?page_id=174#breadcrumb","itemListElement":[{"@type":"ListItem","position":1,"name":"Home","item":"https:\/\/galons.world\/"},{"@type":"ListItem","position":2,"name":"Seminarium Licencjackie","item":"https:\/\/galons.world\/?page_id=171"},{"@type":"ListItem","position":3,"name":"Praca dyplomowa"}]},{"@type":"WebSite","@id":"https:\/\/galons.world\/#website","url":"https:\/\/galons.world\/","name":"Galon`s World","description":"O tym jak pomys\u0142y staj\u0105 si\u0119 prototypami a prototypy rzeczywisto\u015bci\u0105.","potentialAction":[{"@type":"SearchAction","target":{"@type":"EntryPoint","urlTemplate":"https:\/\/galons.world\/?s={search_term_string}"},"query-input":{"@type":"PropertyValueSpecification","valueRequired":true,"valueName":"search_term_string"}}],"inLanguage":"en-US"}]}},"_links":{"self":[{"href":"https:\/\/galons.world\/index.php?rest_route=\/wp\/v2\/pages\/174","targetHints":{"allow":["GET"]}}],"collection":[{"href":"https:\/\/galons.world\/index.php?rest_route=\/wp\/v2\/pages"}],"about":[{"href":"https:\/\/galons.world\/index.php?rest_route=\/wp\/v2\/types\/page"}],"author":[{"embeddable":true,"href":"https:\/\/galons.world\/index.php?rest_route=\/wp\/v2\/users\/1"}],"replies":[{"embeddable":true,"href":"https:\/\/galons.world\/index.php?rest_route=%2Fwp%2Fv2%2Fcomments&post=174"}],"version-history":[{"count":3,"href":"https:\/\/galons.world\/index.php?rest_route=\/wp\/v2\/pages\/174\/revisions"}],"predecessor-version":[{"id":182,"href":"https:\/\/galons.world\/index.php?rest_route=\/wp\/v2\/pages\/174\/revisions\/182"}],"up":[{"embeddable":true,"href":"https:\/\/galons.world\/index.php?rest_route=\/wp\/v2\/pages\/171"}],"wp:attachment":[{"href":"https:\/\/galons.world\/index.php?rest_route=%2Fwp%2Fv2%2Fmedia&parent=174"}],"curies":[{"name":"wp","href":"https:\/\/api.w.org\/{rel}","templated":true}]}}