{"id":171,"date":"2024-11-27T19:45:29","date_gmt":"2024-11-27T18:45:29","guid":{"rendered":"http:\/\/galons.world\/?page_id=171"},"modified":"2024-11-27T20:28:56","modified_gmt":"2024-11-27T19:28:56","slug":"seminarium-licencjackie","status":"publish","type":"page","link":"https:\/\/galons.world\/?page_id=171","title":{"rendered":"Seminarium Licencjackie"},"content":{"rendered":"\n<p>Zanim zaczniesz czyta\u0107 &#8230; je\u015bli interesuj\u0105 Ci\u0119 konkrety przejd\u017a do kolejnych zak\u0142adek w menu seminarium. <\/p>\n\n\n\n<p>Seminarium licencjackie ma na celu przygotowanie Pa\u0144stwa do obrony &#8211; ukoronowania studi\u00f3w daj\u0105cego chwa\u0142\u0119, nagrod\u0119 i zaszczyty \ud83d\ude42 Aby udowodni\u0107 swoj\u0105 wspania\u0142o\u015b\u0107 poprzez udan\u0105 obron\u0119 konieczne jest:<\/p>\n\n\n\n<p> -napisanie pracy dyplomowej<\/p>\n\n\n\n<p>-zdanie egzaminu dyplomowego<\/p>\n\n\n\n<p>-dope\u0142nienie ro\u017cnych formalno\u015bci. <\/p>\n\n\n\n<p><strong>Praca dyplomowa<\/strong><\/p>\n\n\n\n<p>Praca licencjacka w  INPiSM UJ powinna mie\u0107 nie mniej ni\u017c 80 tys. znak\u00f3w ze spacjami. W praktyce oznacza to oko\u0142o 40 stron tekstu lub je\u015bli kto\u015b woli 10 tysi\u0119cy wyraz\u00f3w itd.. Szybko Pa\u0144stwo si\u0119 zorientujecie, \u017ce to niewiele.  Ju\u017c sama bibliografia zawieraj\u0105ca oko\u0142o 40 pozycji to dwie strony tekstu i niemal 4000 znak\u00f3w! A gdzie dodatkowe przypisy, cytaty, spis tre\u015bci, za\u0142\u0105czniki? Przy dobrze przemy\u015blanym temacie nie b\u0119dzie miejsca ani na wielow\u0105tkow\u0105 fabu\u0142\u0119 (lanie wody) ani pi\u0119ciostronicowe opisy przyrody. Prac powy\u017cej 100 tys. znak\u00f3w nie czytam! Mamy by\u0107 konkretni i precyzyjni (to znaczy r\u00f3wnie\u017c &#8211; \u017cadnych clickbajt\u00f3w). <\/p>\n\n\n\n<p>Wszystkie prace sprawdzane s\u0105 programem antyplagiatowym. Z\u0142apanie na kupnie pracy skutkuje usuni\u0119ciem ze studi\u00f3w &#8211; prosz\u0119 wi\u0119c, \u017cadnych g\u0142upich sztuczek &#8211; nie op\u0142aci si\u0119! <\/p>\n\n\n\n<p>Praca nie musi by\u0107 oceniona na bdb aby m\u00f3c przyst\u0105pi\u0107 do obrony &#8211; &#8220;pozytywna&#8221; ocena w zupe\u0142no\u015bci wystarczy &#8211; wi\u0119c staramy si\u0119 ale nie wariujejmy przy okazji! Pisanie pracy ma by\u0107 intelektualn\u0105 przygod\u0105 a nie mord\u0119g\u0105! <\/p>\n","protected":false},"excerpt":{"rendered":"<p>Zanim zaczniesz czyta\u0107 &#8230; je\u015bli interesuj\u0105 Ci\u0119 konkrety przejd\u017a do kolejnych zak\u0142adek w menu seminarium. Seminarium licencjackie ma na celu przygotowanie Pa\u0144stwa do obrony &#8211; [&hellip;]<\/p>\n","protected":false},"author":1,"featured_media":0,"parent":0,"menu_order":0,"comment_status":"closed","ping_status":"closed","template":"","meta":{"footnotes":""},"class_list":["post-171","page","type-page","status-publish","hentry"],"yoast_head":"<!-- This site is optimized with the Yoast SEO plugin v24.4 - https:\/\/yoast.com\/wordpress\/plugins\/seo\/ -->\n<title>Seminarium Licencjackie - Galon`s World<\/title>\n<meta name=\"robots\" content=\"index, follow, max-snippet:-1, max-image-preview:large, max-video-preview:-1\" \/>\n<link rel=\"canonical\" href=\"https:\/\/galons.world\/?page_id=171\" \/>\n<meta property=\"og:locale\" content=\"en_US\" \/>\n<meta property=\"og:type\" content=\"article\" \/>\n<meta property=\"og:title\" content=\"Seminarium Licencjackie - Galon`s World\" \/>\n<meta property=\"og:description\" content=\"Zanim zaczniesz czyta\u0107 &#8230; je\u015bli interesuj\u0105 Ci\u0119 konkrety przejd\u017a do kolejnych zak\u0142adek w menu seminarium. Seminarium licencjackie ma na celu przygotowanie Pa\u0144stwa do obrony &#8211; [&hellip;]\" \/>\n<meta property=\"og:url\" content=\"https:\/\/galons.world\/?page_id=171\" \/>\n<meta property=\"og:site_name\" content=\"Galon`s World\" \/>\n<meta property=\"article:modified_time\" content=\"2024-11-27T19:28:56+00:00\" \/>\n<meta name=\"twitter:card\" content=\"summary_large_image\" \/>\n<meta name=\"twitter:label1\" content=\"Est. reading time\" \/>\n\t<meta name=\"twitter:data1\" content=\"1 minute\" \/>\n<script type=\"application\/ld+json\" class=\"yoast-schema-graph\">{\"@context\":\"https:\/\/schema.org\",\"@graph\":[{\"@type\":\"WebPage\",\"@id\":\"https:\/\/galons.world\/?page_id=171\",\"url\":\"https:\/\/galons.world\/?page_id=171\",\"name\":\"Seminarium Licencjackie - Galon`s World\",\"isPartOf\":{\"@id\":\"https:\/\/galons.world\/#website\"},\"datePublished\":\"2024-11-27T18:45:29+00:00\",\"dateModified\":\"2024-11-27T19:28:56+00:00\",\"breadcrumb\":{\"@id\":\"https:\/\/galons.world\/?page_id=171#breadcrumb\"},\"inLanguage\":\"en-US\",\"potentialAction\":[{\"@type\":\"ReadAction\",\"target\":[\"https:\/\/galons.world\/?page_id=171\"]}]},{\"@type\":\"BreadcrumbList\",\"@id\":\"https:\/\/galons.world\/?page_id=171#breadcrumb\",\"itemListElement\":[{\"@type\":\"ListItem\",\"position\":1,\"name\":\"Home\",\"item\":\"https:\/\/galons.world\/\"},{\"@type\":\"ListItem\",\"position\":2,\"name\":\"Seminarium Licencjackie\"}]},{\"@type\":\"WebSite\",\"@id\":\"https:\/\/galons.world\/#website\",\"url\":\"https:\/\/galons.world\/\",\"name\":\"Galon`s World\",\"description\":\"O tym jak pomys\u0142y staj\u0105 si\u0119 prototypami a prototypy rzeczywisto\u015bci\u0105.\",\"potentialAction\":[{\"@type\":\"SearchAction\",\"target\":{\"@type\":\"EntryPoint\",\"urlTemplate\":\"https:\/\/galons.world\/?s={search_term_string}\"},\"query-input\":{\"@type\":\"PropertyValueSpecification\",\"valueRequired\":true,\"valueName\":\"search_term_string\"}}],\"inLanguage\":\"en-US\"}]}<\/script>\n<!-- \/ Yoast SEO plugin. -->","yoast_head_json":{"title":"Seminarium Licencjackie - Galon`s World","robots":{"index":"index","follow":"follow","max-snippet":"max-snippet:-1","max-image-preview":"max-image-preview:large","max-video-preview":"max-video-preview:-1"},"canonical":"https:\/\/galons.world\/?page_id=171","og_locale":"en_US","og_type":"article","og_title":"Seminarium Licencjackie - Galon`s World","og_description":"Zanim zaczniesz czyta\u0107 &#8230; je\u015bli interesuj\u0105 Ci\u0119 konkrety przejd\u017a do kolejnych zak\u0142adek w menu seminarium. Seminarium licencjackie ma na celu przygotowanie Pa\u0144stwa do obrony &#8211; [&hellip;]","og_url":"https:\/\/galons.world\/?page_id=171","og_site_name":"Galon`s World","article_modified_time":"2024-11-27T19:28:56+00:00","twitter_card":"summary_large_image","twitter_misc":{"Est. reading time":"1 minute"},"schema":{"@context":"https:\/\/schema.org","@graph":[{"@type":"WebPage","@id":"https:\/\/galons.world\/?page_id=171","url":"https:\/\/galons.world\/?page_id=171","name":"Seminarium Licencjackie - Galon`s World","isPartOf":{"@id":"https:\/\/galons.world\/#website"},"datePublished":"2024-11-27T18:45:29+00:00","dateModified":"2024-11-27T19:28:56+00:00","breadcrumb":{"@id":"https:\/\/galons.world\/?page_id=171#breadcrumb"},"inLanguage":"en-US","potentialAction":[{"@type":"ReadAction","target":["https:\/\/galons.world\/?page_id=171"]}]},{"@type":"BreadcrumbList","@id":"https:\/\/galons.world\/?page_id=171#breadcrumb","itemListElement":[{"@type":"ListItem","position":1,"name":"Home","item":"https:\/\/galons.world\/"},{"@type":"ListItem","position":2,"name":"Seminarium Licencjackie"}]},{"@type":"WebSite","@id":"https:\/\/galons.world\/#website","url":"https:\/\/galons.world\/","name":"Galon`s World","description":"O tym jak pomys\u0142y staj\u0105 si\u0119 prototypami a prototypy rzeczywisto\u015bci\u0105.","potentialAction":[{"@type":"SearchAction","target":{"@type":"EntryPoint","urlTemplate":"https:\/\/galons.world\/?s={search_term_string}"},"query-input":{"@type":"PropertyValueSpecification","valueRequired":true,"valueName":"search_term_string"}}],"inLanguage":"en-US"}]}},"_links":{"self":[{"href":"https:\/\/galons.world\/index.php?rest_route=\/wp\/v2\/pages\/171","targetHints":{"allow":["GET"]}}],"collection":[{"href":"https:\/\/galons.world\/index.php?rest_route=\/wp\/v2\/pages"}],"about":[{"href":"https:\/\/galons.world\/index.php?rest_route=\/wp\/v2\/types\/page"}],"author":[{"embeddable":true,"href":"https:\/\/galons.world\/index.php?rest_route=\/wp\/v2\/users\/1"}],"replies":[{"embeddable":true,"href":"https:\/\/galons.world\/index.php?rest_route=%2Fwp%2Fv2%2Fcomments&post=171"}],"version-history":[{"count":2,"href":"https:\/\/galons.world\/index.php?rest_route=\/wp\/v2\/pages\/171\/revisions"}],"predecessor-version":[{"id":180,"href":"https:\/\/galons.world\/index.php?rest_route=\/wp\/v2\/pages\/171\/revisions\/180"}],"wp:attachment":[{"href":"https:\/\/galons.world\/index.php?rest_route=%2Fwp%2Fv2%2Fmedia&parent=171"}],"curies":[{"name":"wp","href":"https:\/\/api.w.org\/{rel}","templated":true}]}}