{"id":121,"date":"2024-11-12T20:27:40","date_gmt":"2024-11-12T19:27:40","guid":{"rendered":"http:\/\/galons.world\/?page_id=121"},"modified":"2024-11-19T09:08:15","modified_gmt":"2024-11-19T08:08:15","slug":"czteroetapowy-szkic","status":"publish","type":"page","link":"https:\/\/galons.world\/?page_id=121","title":{"rendered":"Czteroetapowy szkic"},"content":{"rendered":"\n<p><strong>Czteroetapowy Szkic<\/strong><\/p>\n\n\n\n<p>Po lunchu rozpoczyna si\u0119 praca nad czteroetapowym szkicem:<\/p>\n\n\n\n<ol start=\"1\" class=\"wp-block-list\">\n<li><strong>Tworzenie Notatnika (20-25 minut):<\/strong> Zesp\u00f3\u0142 przegl\u0105da wszystkie dost\u0119pne materia\u0142y \u2014 problem, map\u0119, cele, pytania sprintowe, uwagi ekspert\u00f3w i inspiracje. Ka\u017cdy tworzy notatnik dla w\u0142asnych potrzeb, zakre\u015blaj\u0105c kluczowe informacje.<\/li>\n\n\n\n<li><strong>Pierwszy Szkic Projektowy (20 minut):<\/strong> Ka\u017cdy opracowuje sw\u00f3j pierwszy szkic, kt\u00f3ry powinien precyzyjnie odpowiada\u0107 na cele i pytania sprintu. Je\u015bli jest wi\u0119cej ni\u017c jeden pomys\u0142, warto wybra\u0107 najbardziej obiecuj\u0105ce.<\/li>\n\n\n\n<li><strong>Szalone \u00d3semki (8 minut):<\/strong> Sk\u0142ada si\u0119 kartk\u0119 A4 na osiem p\u00f3l i wype\u0142nia ka\u017cde pole w minut\u0119, rozwijaj\u0105c najlepsze warianty swojego pomys\u0142u.<\/li>\n\n\n\n<li><strong>Ostateczny Szkic Pomys\u0142u (30-90 minut):<\/strong> Finalny szkic musi by\u0107 jasny, precyzyjny i \u0142atwy do zrozumienia. Mo\u017ce przypomina\u0107 komiks, powinien by\u0107 konkretny i zawiera\u0107 chwytliwy tytu\u0142. Szkice s\u0105 sk\u0142adane moderatorowi z zachowaniem anonimowo\u015bci. Szkic\u00f3w si\u0119 nie omawia na tym etapie procesu!<\/li>\n<\/ol>\n\n\n\n<p>Moderatorzy przygotowuj\u0105 warunki do ogl\u0105dania wszystkich szkic\u00f3w nast\u0119pnego dnia. Szkic jest propozycj\u0105 rozwi\u0105zania i broni si\u0119 sam, bez potrzeby dodatkowego wyja\u015bniania.<\/p>\n\n\n\n<p><\/p>\n","protected":false},"excerpt":{"rendered":"<p>Czteroetapowy Szkic Po lunchu rozpoczyna si\u0119 praca nad czteroetapowym szkicem: Moderatorzy przygotowuj\u0105 warunki do ogl\u0105dania wszystkich szkic\u00f3w nast\u0119pnego dnia. Szkic jest propozycj\u0105 rozwi\u0105zania i broni [&hellip;]<\/p>\n","protected":false},"author":1,"featured_media":0,"parent":115,"menu_order":0,"comment_status":"closed","ping_status":"closed","template":"","meta":{"footnotes":""},"class_list":["post-121","page","type-page","status-publish","hentry"],"yoast_head":"<!-- This site is optimized with the Yoast SEO plugin v24.4 - https:\/\/yoast.com\/wordpress\/plugins\/seo\/ -->\n<title>Czteroetapowy szkic - Galon`s World<\/title>\n<meta name=\"robots\" content=\"index, follow, max-snippet:-1, max-image-preview:large, max-video-preview:-1\" \/>\n<link rel=\"canonical\" href=\"https:\/\/galons.world\/?page_id=121\" \/>\n<meta property=\"og:locale\" content=\"en_US\" \/>\n<meta property=\"og:type\" content=\"article\" \/>\n<meta property=\"og:title\" content=\"Czteroetapowy szkic - Galon`s World\" \/>\n<meta property=\"og:description\" content=\"Czteroetapowy Szkic Po lunchu rozpoczyna si\u0119 praca nad czteroetapowym szkicem: Moderatorzy przygotowuj\u0105 warunki do ogl\u0105dania wszystkich szkic\u00f3w nast\u0119pnego dnia. Szkic jest propozycj\u0105 rozwi\u0105zania i broni [&hellip;]\" \/>\n<meta property=\"og:url\" content=\"https:\/\/galons.world\/?page_id=121\" \/>\n<meta property=\"og:site_name\" content=\"Galon`s World\" \/>\n<meta property=\"article:modified_time\" content=\"2024-11-19T08:08:15+00:00\" \/>\n<meta name=\"twitter:card\" content=\"summary_large_image\" \/>\n<meta name=\"twitter:label1\" content=\"Est. reading time\" \/>\n\t<meta name=\"twitter:data1\" content=\"1 minute\" \/>\n<script type=\"application\/ld+json\" class=\"yoast-schema-graph\">{\"@context\":\"https:\/\/schema.org\",\"@graph\":[{\"@type\":\"WebPage\",\"@id\":\"https:\/\/galons.world\/?page_id=121\",\"url\":\"https:\/\/galons.world\/?page_id=121\",\"name\":\"Czteroetapowy szkic - Galon`s World\",\"isPartOf\":{\"@id\":\"https:\/\/galons.world\/#website\"},\"datePublished\":\"2024-11-12T19:27:40+00:00\",\"dateModified\":\"2024-11-19T08:08:15+00:00\",\"breadcrumb\":{\"@id\":\"https:\/\/galons.world\/?page_id=121#breadcrumb\"},\"inLanguage\":\"en-US\",\"potentialAction\":[{\"@type\":\"ReadAction\",\"target\":[\"https:\/\/galons.world\/?page_id=121\"]}]},{\"@type\":\"BreadcrumbList\",\"@id\":\"https:\/\/galons.world\/?page_id=121#breadcrumb\",\"itemListElement\":[{\"@type\":\"ListItem\",\"position\":1,\"name\":\"Home\",\"item\":\"https:\/\/galons.world\/\"},{\"@type\":\"ListItem\",\"position\":2,\"name\":\"Design Sprint\",\"item\":\"https:\/\/galons.world\/?page_id=43\"},{\"@type\":\"ListItem\",\"position\":3,\"name\":\"Dzie\u0144 2\",\"item\":\"https:\/\/galons.world\/?page_id=115\"},{\"@type\":\"ListItem\",\"position\":4,\"name\":\"Czteroetapowy szkic\"}]},{\"@type\":\"WebSite\",\"@id\":\"https:\/\/galons.world\/#website\",\"url\":\"https:\/\/galons.world\/\",\"name\":\"Galon`s World\",\"description\":\"O tym jak pomys\u0142y staj\u0105 si\u0119 prototypami a prototypy rzeczywisto\u015bci\u0105.\",\"potentialAction\":[{\"@type\":\"SearchAction\",\"target\":{\"@type\":\"EntryPoint\",\"urlTemplate\":\"https:\/\/galons.world\/?s={search_term_string}\"},\"query-input\":{\"@type\":\"PropertyValueSpecification\",\"valueRequired\":true,\"valueName\":\"search_term_string\"}}],\"inLanguage\":\"en-US\"}]}<\/script>\n<!-- \/ Yoast SEO plugin. -->","yoast_head_json":{"title":"Czteroetapowy szkic - Galon`s World","robots":{"index":"index","follow":"follow","max-snippet":"max-snippet:-1","max-image-preview":"max-image-preview:large","max-video-preview":"max-video-preview:-1"},"canonical":"https:\/\/galons.world\/?page_id=121","og_locale":"en_US","og_type":"article","og_title":"Czteroetapowy szkic - Galon`s World","og_description":"Czteroetapowy Szkic Po lunchu rozpoczyna si\u0119 praca nad czteroetapowym szkicem: Moderatorzy przygotowuj\u0105 warunki do ogl\u0105dania wszystkich szkic\u00f3w nast\u0119pnego dnia. Szkic jest propozycj\u0105 rozwi\u0105zania i broni [&hellip;]","og_url":"https:\/\/galons.world\/?page_id=121","og_site_name":"Galon`s World","article_modified_time":"2024-11-19T08:08:15+00:00","twitter_card":"summary_large_image","twitter_misc":{"Est. reading time":"1 minute"},"schema":{"@context":"https:\/\/schema.org","@graph":[{"@type":"WebPage","@id":"https:\/\/galons.world\/?page_id=121","url":"https:\/\/galons.world\/?page_id=121","name":"Czteroetapowy szkic - Galon`s World","isPartOf":{"@id":"https:\/\/galons.world\/#website"},"datePublished":"2024-11-12T19:27:40+00:00","dateModified":"2024-11-19T08:08:15+00:00","breadcrumb":{"@id":"https:\/\/galons.world\/?page_id=121#breadcrumb"},"inLanguage":"en-US","potentialAction":[{"@type":"ReadAction","target":["https:\/\/galons.world\/?page_id=121"]}]},{"@type":"BreadcrumbList","@id":"https:\/\/galons.world\/?page_id=121#breadcrumb","itemListElement":[{"@type":"ListItem","position":1,"name":"Home","item":"https:\/\/galons.world\/"},{"@type":"ListItem","position":2,"name":"Design Sprint","item":"https:\/\/galons.world\/?page_id=43"},{"@type":"ListItem","position":3,"name":"Dzie\u0144 2","item":"https:\/\/galons.world\/?page_id=115"},{"@type":"ListItem","position":4,"name":"Czteroetapowy szkic"}]},{"@type":"WebSite","@id":"https:\/\/galons.world\/#website","url":"https:\/\/galons.world\/","name":"Galon`s World","description":"O tym jak pomys\u0142y staj\u0105 si\u0119 prototypami a prototypy rzeczywisto\u015bci\u0105.","potentialAction":[{"@type":"SearchAction","target":{"@type":"EntryPoint","urlTemplate":"https:\/\/galons.world\/?s={search_term_string}"},"query-input":{"@type":"PropertyValueSpecification","valueRequired":true,"valueName":"search_term_string"}}],"inLanguage":"en-US"}]}},"_links":{"self":[{"href":"https:\/\/galons.world\/index.php?rest_route=\/wp\/v2\/pages\/121","targetHints":{"allow":["GET"]}}],"collection":[{"href":"https:\/\/galons.world\/index.php?rest_route=\/wp\/v2\/pages"}],"about":[{"href":"https:\/\/galons.world\/index.php?rest_route=\/wp\/v2\/types\/page"}],"author":[{"embeddable":true,"href":"https:\/\/galons.world\/index.php?rest_route=\/wp\/v2\/users\/1"}],"replies":[{"embeddable":true,"href":"https:\/\/galons.world\/index.php?rest_route=%2Fwp%2Fv2%2Fcomments&post=121"}],"version-history":[{"count":2,"href":"https:\/\/galons.world\/index.php?rest_route=\/wp\/v2\/pages\/121\/revisions"}],"predecessor-version":[{"id":132,"href":"https:\/\/galons.world\/index.php?rest_route=\/wp\/v2\/pages\/121\/revisions\/132"}],"up":[{"embeddable":true,"href":"https:\/\/galons.world\/index.php?rest_route=\/wp\/v2\/pages\/115"}],"wp:attachment":[{"href":"https:\/\/galons.world\/index.php?rest_route=%2Fwp%2Fv2%2Fmedia&parent=121"}],"curies":[{"name":"wp","href":"https:\/\/api.w.org\/{rel}","templated":true}]}}