{"id":119,"date":"2024-11-12T20:22:27","date_gmt":"2024-11-12T19:22:27","guid":{"rendered":"http:\/\/galons.world\/?page_id=119"},"modified":"2024-11-12T20:22:27","modified_gmt":"2024-11-12T19:22:27","slug":"podzial-zespolu","status":"publish","type":"page","link":"https:\/\/galons.world\/?page_id=119","title":{"rendered":"Podzia\u0142 Zespo\u0142u"},"content":{"rendered":"\n<p><strong>Podzia\u0142 Zespo\u0142u<\/strong><\/p>\n\n\n\n<p>Po pierwszym dniu zesp\u00f3\u0142 ma ju\u017c jasno\u015b\u0107 co do wielko\u015bci projektu i liczby element\u00f3w do zaprojektowania. W zale\u017cno\u015bci od potrzeb, mo\u017ce zaj\u015b\u0107 konieczno\u015b\u0107 podzielenia si\u0119 na mniejsze grupy. Podzia\u0142 powinien by\u0107 uzasadniony i oparty na preferencjach cz\u0142onk\u00f3w zespo\u0142u, a proces ten nie powinien trwa\u0107 d\u0142u\u017cej ni\u017c 30 minut. Nast\u0119pnie zesp\u00f3\u0142 udaje si\u0119 na godzinn\u0105 przerw\u0119 obiadow\u0105.<\/p>\n","protected":false},"excerpt":{"rendered":"<p>Podzia\u0142 Zespo\u0142u Po pierwszym dniu zesp\u00f3\u0142 ma ju\u017c jasno\u015b\u0107 co do wielko\u015bci projektu i liczby element\u00f3w do zaprojektowania. W zale\u017cno\u015bci od potrzeb, mo\u017ce zaj\u015b\u0107 konieczno\u015b\u0107 [&hellip;]<\/p>\n","protected":false},"author":1,"featured_media":0,"parent":115,"menu_order":0,"comment_status":"closed","ping_status":"closed","template":"","meta":{"footnotes":""},"class_list":["post-119","page","type-page","status-publish","hentry"],"yoast_head":"<!-- This site is optimized with the Yoast SEO plugin v24.4 - https:\/\/yoast.com\/wordpress\/plugins\/seo\/ -->\n<title>Podzia\u0142 Zespo\u0142u - Galon`s World<\/title>\n<meta name=\"robots\" content=\"index, follow, max-snippet:-1, max-image-preview:large, max-video-preview:-1\" \/>\n<link rel=\"canonical\" href=\"https:\/\/galons.world\/?page_id=119\" \/>\n<meta property=\"og:locale\" content=\"en_US\" \/>\n<meta property=\"og:type\" content=\"article\" \/>\n<meta property=\"og:title\" content=\"Podzia\u0142 Zespo\u0142u - Galon`s World\" \/>\n<meta property=\"og:description\" content=\"Podzia\u0142 Zespo\u0142u Po pierwszym dniu zesp\u00f3\u0142 ma ju\u017c jasno\u015b\u0107 co do wielko\u015bci projektu i liczby element\u00f3w do zaprojektowania. W zale\u017cno\u015bci od potrzeb, mo\u017ce zaj\u015b\u0107 konieczno\u015b\u0107 [&hellip;]\" \/>\n<meta property=\"og:url\" content=\"https:\/\/galons.world\/?page_id=119\" \/>\n<meta property=\"og:site_name\" content=\"Galon`s World\" \/>\n<meta name=\"twitter:card\" content=\"summary_large_image\" \/>\n<meta name=\"twitter:label1\" content=\"Est. reading time\" \/>\n\t<meta name=\"twitter:data1\" content=\"1 minute\" \/>\n<script type=\"application\/ld+json\" class=\"yoast-schema-graph\">{\"@context\":\"https:\/\/schema.org\",\"@graph\":[{\"@type\":\"WebPage\",\"@id\":\"https:\/\/galons.world\/?page_id=119\",\"url\":\"https:\/\/galons.world\/?page_id=119\",\"name\":\"Podzia\u0142 Zespo\u0142u - Galon`s World\",\"isPartOf\":{\"@id\":\"https:\/\/galons.world\/#website\"},\"datePublished\":\"2024-11-12T19:22:27+00:00\",\"breadcrumb\":{\"@id\":\"https:\/\/galons.world\/?page_id=119#breadcrumb\"},\"inLanguage\":\"en-US\",\"potentialAction\":[{\"@type\":\"ReadAction\",\"target\":[\"https:\/\/galons.world\/?page_id=119\"]}]},{\"@type\":\"BreadcrumbList\",\"@id\":\"https:\/\/galons.world\/?page_id=119#breadcrumb\",\"itemListElement\":[{\"@type\":\"ListItem\",\"position\":1,\"name\":\"Home\",\"item\":\"https:\/\/galons.world\/\"},{\"@type\":\"ListItem\",\"position\":2,\"name\":\"Design Sprint\",\"item\":\"https:\/\/galons.world\/?page_id=43\"},{\"@type\":\"ListItem\",\"position\":3,\"name\":\"Dzie\u0144 2\",\"item\":\"https:\/\/galons.world\/?page_id=115\"},{\"@type\":\"ListItem\",\"position\":4,\"name\":\"Podzia\u0142 Zespo\u0142u\"}]},{\"@type\":\"WebSite\",\"@id\":\"https:\/\/galons.world\/#website\",\"url\":\"https:\/\/galons.world\/\",\"name\":\"Galon`s World\",\"description\":\"O tym jak pomys\u0142y staj\u0105 si\u0119 prototypami a prototypy rzeczywisto\u015bci\u0105.\",\"potentialAction\":[{\"@type\":\"SearchAction\",\"target\":{\"@type\":\"EntryPoint\",\"urlTemplate\":\"https:\/\/galons.world\/?s={search_term_string}\"},\"query-input\":{\"@type\":\"PropertyValueSpecification\",\"valueRequired\":true,\"valueName\":\"search_term_string\"}}],\"inLanguage\":\"en-US\"}]}<\/script>\n<!-- \/ Yoast SEO plugin. -->","yoast_head_json":{"title":"Podzia\u0142 Zespo\u0142u - Galon`s World","robots":{"index":"index","follow":"follow","max-snippet":"max-snippet:-1","max-image-preview":"max-image-preview:large","max-video-preview":"max-video-preview:-1"},"canonical":"https:\/\/galons.world\/?page_id=119","og_locale":"en_US","og_type":"article","og_title":"Podzia\u0142 Zespo\u0142u - Galon`s World","og_description":"Podzia\u0142 Zespo\u0142u Po pierwszym dniu zesp\u00f3\u0142 ma ju\u017c jasno\u015b\u0107 co do wielko\u015bci projektu i liczby element\u00f3w do zaprojektowania. W zale\u017cno\u015bci od potrzeb, mo\u017ce zaj\u015b\u0107 konieczno\u015b\u0107 [&hellip;]","og_url":"https:\/\/galons.world\/?page_id=119","og_site_name":"Galon`s World","twitter_card":"summary_large_image","twitter_misc":{"Est. reading time":"1 minute"},"schema":{"@context":"https:\/\/schema.org","@graph":[{"@type":"WebPage","@id":"https:\/\/galons.world\/?page_id=119","url":"https:\/\/galons.world\/?page_id=119","name":"Podzia\u0142 Zespo\u0142u - Galon`s World","isPartOf":{"@id":"https:\/\/galons.world\/#website"},"datePublished":"2024-11-12T19:22:27+00:00","breadcrumb":{"@id":"https:\/\/galons.world\/?page_id=119#breadcrumb"},"inLanguage":"en-US","potentialAction":[{"@type":"ReadAction","target":["https:\/\/galons.world\/?page_id=119"]}]},{"@type":"BreadcrumbList","@id":"https:\/\/galons.world\/?page_id=119#breadcrumb","itemListElement":[{"@type":"ListItem","position":1,"name":"Home","item":"https:\/\/galons.world\/"},{"@type":"ListItem","position":2,"name":"Design Sprint","item":"https:\/\/galons.world\/?page_id=43"},{"@type":"ListItem","position":3,"name":"Dzie\u0144 2","item":"https:\/\/galons.world\/?page_id=115"},{"@type":"ListItem","position":4,"name":"Podzia\u0142 Zespo\u0142u"}]},{"@type":"WebSite","@id":"https:\/\/galons.world\/#website","url":"https:\/\/galons.world\/","name":"Galon`s World","description":"O tym jak pomys\u0142y staj\u0105 si\u0119 prototypami a prototypy rzeczywisto\u015bci\u0105.","potentialAction":[{"@type":"SearchAction","target":{"@type":"EntryPoint","urlTemplate":"https:\/\/galons.world\/?s={search_term_string}"},"query-input":{"@type":"PropertyValueSpecification","valueRequired":true,"valueName":"search_term_string"}}],"inLanguage":"en-US"}]}},"_links":{"self":[{"href":"https:\/\/galons.world\/index.php?rest_route=\/wp\/v2\/pages\/119","targetHints":{"allow":["GET"]}}],"collection":[{"href":"https:\/\/galons.world\/index.php?rest_route=\/wp\/v2\/pages"}],"about":[{"href":"https:\/\/galons.world\/index.php?rest_route=\/wp\/v2\/types\/page"}],"author":[{"embeddable":true,"href":"https:\/\/galons.world\/index.php?rest_route=\/wp\/v2\/users\/1"}],"replies":[{"embeddable":true,"href":"https:\/\/galons.world\/index.php?rest_route=%2Fwp%2Fv2%2Fcomments&post=119"}],"version-history":[{"count":1,"href":"https:\/\/galons.world\/index.php?rest_route=\/wp\/v2\/pages\/119\/revisions"}],"predecessor-version":[{"id":120,"href":"https:\/\/galons.world\/index.php?rest_route=\/wp\/v2\/pages\/119\/revisions\/120"}],"up":[{"embeddable":true,"href":"https:\/\/galons.world\/index.php?rest_route=\/wp\/v2\/pages\/115"}],"wp:attachment":[{"href":"https:\/\/galons.world\/index.php?rest_route=%2Fwp%2Fv2%2Fmedia&parent=119"}],"curies":[{"name":"wp","href":"https:\/\/api.w.org\/{rel}","templated":true}]}}