{"id":115,"date":"2024-11-12T20:20:16","date_gmt":"2024-11-12T19:20:16","guid":{"rendered":"http:\/\/galons.world\/?page_id=115"},"modified":"2024-11-19T09:00:04","modified_gmt":"2024-11-19T08:00:04","slug":"dzien-2","status":"publish","type":"page","link":"https:\/\/galons.world\/?page_id=115","title":{"rendered":"Dzie\u0144 2"},"content":{"rendered":"\n<p><strong>Drugi dzie\u0144 Design Sprint. Poszukiwanie Rozwi\u0105za\u0144<\/strong><\/p>\n\n\n\n<p>Drugi dzie\u0144 Design Sprint to kluczowy moment, w kt\u00f3rym koncentrujemy si\u0119 na kreatywnym poszukiwaniu rozwi\u0105za\u0144. Po zako\u0144czeniu pierwszego dnia mamy jasno okre\u015blone co powinni\u015bmy robi\u0107- odt\u0105d wszelkie dzia\u0142ania musz\u0105 \u015bci\u015ble odnosi\u0107 si\u0119 do efekt\u00f3w tych prac. Trzymanie si\u0119 zdefiniowanych cel\u00f3w jest jednym z najwa\u017cniejszych element\u00f3w dyscypliny w Design Sprint \u2014 unika si\u0119 nowych pomys\u0142\u00f3w, aby pozosta\u0107 na ustalonej \u015bcie\u017cce.<\/p>\n\n\n\n<p><strong>Harmonogram Dnia Drugiego:<\/strong><\/p>\n\n\n\n<ol start=\"1\" class=\"wp-block-list\">\n<li><strong>B\u0142yskawiczne prezentacje<\/strong> (10:00-12:30)- 2,5h<\/li>\n\n\n\n<li><strong>Podzia\u0142 zespo\u0142u i przydzielenie zada\u0144<\/strong> (12:30-13:00)-2h<\/li>\n\n\n\n<li><strong>Lunch<\/strong> (13:00-14:00)-1h<\/li>\n\n\n\n<li><strong>Czteroetapowy szkic<\/strong> (14:00-17:00)-3h:\n<ul class=\"wp-block-list\">\n<li><strong>Tworzenie notatnika<\/strong> (20-25 minut, przegl\u0105d i zaznaczenie kluczowych informacji)<\/li>\n\n\n\n<li><strong>Pierwszy szkic projektowy<\/strong> (20 minut)<\/li>\n\n\n\n<li><strong>Szalone \u00f3semki<\/strong> (8 minut)<\/li>\n\n\n\n<li><strong>Ostateczny szkic pomys\u0142u<\/strong> (30-90 minut)<\/li>\n<\/ul>\n<\/li>\n<\/ol>\n\n\n\n<p>Harmonogram dnia mo\u017ce ulega\u0107 zmianom w zale\u017cno\u015bci od czasu wyboru dnia przygotowania inspiruj\u0105cych prezentacji czy z\u0142o\u017cono\u015bci projektu (potrzeby podzia\u0142u zespo\u0142u na podzespo\u0142y).<\/p>\n","protected":false},"excerpt":{"rendered":"<p>Drugi dzie\u0144 Design Sprint. Poszukiwanie Rozwi\u0105za\u0144 Drugi dzie\u0144 Design Sprint to kluczowy moment, w kt\u00f3rym koncentrujemy si\u0119 na kreatywnym poszukiwaniu rozwi\u0105za\u0144. Po zako\u0144czeniu pierwszego dnia [&hellip;]<\/p>\n","protected":false},"author":1,"featured_media":0,"parent":43,"menu_order":0,"comment_status":"closed","ping_status":"closed","template":"","meta":{"footnotes":""},"class_list":["post-115","page","type-page","status-publish","hentry"],"yoast_head":"<!-- This site is optimized with the Yoast SEO plugin v24.4 - https:\/\/yoast.com\/wordpress\/plugins\/seo\/ -->\n<title>Dzie\u0144 2 - Galon`s World<\/title>\n<meta name=\"robots\" content=\"index, follow, max-snippet:-1, max-image-preview:large, max-video-preview:-1\" \/>\n<link rel=\"canonical\" href=\"https:\/\/galons.world\/?page_id=115\" \/>\n<meta property=\"og:locale\" content=\"en_US\" \/>\n<meta property=\"og:type\" content=\"article\" \/>\n<meta property=\"og:title\" content=\"Dzie\u0144 2 - Galon`s World\" \/>\n<meta property=\"og:description\" content=\"Drugi dzie\u0144 Design Sprint. Poszukiwanie Rozwi\u0105za\u0144 Drugi dzie\u0144 Design Sprint to kluczowy moment, w kt\u00f3rym koncentrujemy si\u0119 na kreatywnym poszukiwaniu rozwi\u0105za\u0144. Po zako\u0144czeniu pierwszego dnia [&hellip;]\" \/>\n<meta property=\"og:url\" content=\"https:\/\/galons.world\/?page_id=115\" \/>\n<meta property=\"og:site_name\" content=\"Galon`s World\" \/>\n<meta property=\"article:modified_time\" content=\"2024-11-19T08:00:04+00:00\" \/>\n<meta name=\"twitter:card\" content=\"summary_large_image\" \/>\n<meta name=\"twitter:label1\" content=\"Est. reading time\" \/>\n\t<meta name=\"twitter:data1\" content=\"1 minute\" \/>\n<script type=\"application\/ld+json\" class=\"yoast-schema-graph\">{\"@context\":\"https:\/\/schema.org\",\"@graph\":[{\"@type\":\"WebPage\",\"@id\":\"https:\/\/galons.world\/?page_id=115\",\"url\":\"https:\/\/galons.world\/?page_id=115\",\"name\":\"Dzie\u0144 2 - Galon`s World\",\"isPartOf\":{\"@id\":\"https:\/\/galons.world\/#website\"},\"datePublished\":\"2024-11-12T19:20:16+00:00\",\"dateModified\":\"2024-11-19T08:00:04+00:00\",\"breadcrumb\":{\"@id\":\"https:\/\/galons.world\/?page_id=115#breadcrumb\"},\"inLanguage\":\"en-US\",\"potentialAction\":[{\"@type\":\"ReadAction\",\"target\":[\"https:\/\/galons.world\/?page_id=115\"]}]},{\"@type\":\"BreadcrumbList\",\"@id\":\"https:\/\/galons.world\/?page_id=115#breadcrumb\",\"itemListElement\":[{\"@type\":\"ListItem\",\"position\":1,\"name\":\"Home\",\"item\":\"https:\/\/galons.world\/\"},{\"@type\":\"ListItem\",\"position\":2,\"name\":\"Design Sprint\",\"item\":\"https:\/\/galons.world\/?page_id=43\"},{\"@type\":\"ListItem\",\"position\":3,\"name\":\"Dzie\u0144 2\"}]},{\"@type\":\"WebSite\",\"@id\":\"https:\/\/galons.world\/#website\",\"url\":\"https:\/\/galons.world\/\",\"name\":\"Galon`s World\",\"description\":\"O tym jak pomys\u0142y staj\u0105 si\u0119 prototypami a prototypy rzeczywisto\u015bci\u0105.\",\"potentialAction\":[{\"@type\":\"SearchAction\",\"target\":{\"@type\":\"EntryPoint\",\"urlTemplate\":\"https:\/\/galons.world\/?s={search_term_string}\"},\"query-input\":{\"@type\":\"PropertyValueSpecification\",\"valueRequired\":true,\"valueName\":\"search_term_string\"}}],\"inLanguage\":\"en-US\"}]}<\/script>\n<!-- \/ Yoast SEO plugin. -->","yoast_head_json":{"title":"Dzie\u0144 2 - Galon`s World","robots":{"index":"index","follow":"follow","max-snippet":"max-snippet:-1","max-image-preview":"max-image-preview:large","max-video-preview":"max-video-preview:-1"},"canonical":"https:\/\/galons.world\/?page_id=115","og_locale":"en_US","og_type":"article","og_title":"Dzie\u0144 2 - Galon`s World","og_description":"Drugi dzie\u0144 Design Sprint. Poszukiwanie Rozwi\u0105za\u0144 Drugi dzie\u0144 Design Sprint to kluczowy moment, w kt\u00f3rym koncentrujemy si\u0119 na kreatywnym poszukiwaniu rozwi\u0105za\u0144. Po zako\u0144czeniu pierwszego dnia [&hellip;]","og_url":"https:\/\/galons.world\/?page_id=115","og_site_name":"Galon`s World","article_modified_time":"2024-11-19T08:00:04+00:00","twitter_card":"summary_large_image","twitter_misc":{"Est. reading time":"1 minute"},"schema":{"@context":"https:\/\/schema.org","@graph":[{"@type":"WebPage","@id":"https:\/\/galons.world\/?page_id=115","url":"https:\/\/galons.world\/?page_id=115","name":"Dzie\u0144 2 - Galon`s World","isPartOf":{"@id":"https:\/\/galons.world\/#website"},"datePublished":"2024-11-12T19:20:16+00:00","dateModified":"2024-11-19T08:00:04+00:00","breadcrumb":{"@id":"https:\/\/galons.world\/?page_id=115#breadcrumb"},"inLanguage":"en-US","potentialAction":[{"@type":"ReadAction","target":["https:\/\/galons.world\/?page_id=115"]}]},{"@type":"BreadcrumbList","@id":"https:\/\/galons.world\/?page_id=115#breadcrumb","itemListElement":[{"@type":"ListItem","position":1,"name":"Home","item":"https:\/\/galons.world\/"},{"@type":"ListItem","position":2,"name":"Design Sprint","item":"https:\/\/galons.world\/?page_id=43"},{"@type":"ListItem","position":3,"name":"Dzie\u0144 2"}]},{"@type":"WebSite","@id":"https:\/\/galons.world\/#website","url":"https:\/\/galons.world\/","name":"Galon`s World","description":"O tym jak pomys\u0142y staj\u0105 si\u0119 prototypami a prototypy rzeczywisto\u015bci\u0105.","potentialAction":[{"@type":"SearchAction","target":{"@type":"EntryPoint","urlTemplate":"https:\/\/galons.world\/?s={search_term_string}"},"query-input":{"@type":"PropertyValueSpecification","valueRequired":true,"valueName":"search_term_string"}}],"inLanguage":"en-US"}]}},"_links":{"self":[{"href":"https:\/\/galons.world\/index.php?rest_route=\/wp\/v2\/pages\/115","targetHints":{"allow":["GET"]}}],"collection":[{"href":"https:\/\/galons.world\/index.php?rest_route=\/wp\/v2\/pages"}],"about":[{"href":"https:\/\/galons.world\/index.php?rest_route=\/wp\/v2\/types\/page"}],"author":[{"embeddable":true,"href":"https:\/\/galons.world\/index.php?rest_route=\/wp\/v2\/users\/1"}],"replies":[{"embeddable":true,"href":"https:\/\/galons.world\/index.php?rest_route=%2Fwp%2Fv2%2Fcomments&post=115"}],"version-history":[{"count":2,"href":"https:\/\/galons.world\/index.php?rest_route=\/wp\/v2\/pages\/115\/revisions"}],"predecessor-version":[{"id":128,"href":"https:\/\/galons.world\/index.php?rest_route=\/wp\/v2\/pages\/115\/revisions\/128"}],"up":[{"embeddable":true,"href":"https:\/\/galons.world\/index.php?rest_route=\/wp\/v2\/pages\/43"}],"wp:attachment":[{"href":"https:\/\/galons.world\/index.php?rest_route=%2Fwp%2Fv2%2Fmedia&parent=115"}],"curies":[{"name":"wp","href":"https:\/\/api.w.org\/{rel}","templated":true}]}}