{"id":108,"date":"2024-11-09T20:15:19","date_gmt":"2024-11-09T19:15:19","guid":{"rendered":"http:\/\/galons.world\/?page_id=108"},"modified":"2024-11-09T20:15:19","modified_gmt":"2024-11-09T19:15:19","slug":"cel-sprintu","status":"publish","type":"page","link":"https:\/\/galons.world\/?page_id=108","title":{"rendered":"Cel sprintu"},"content":{"rendered":"\n<p>Nazwa tego etapu mo\u017ce wydawa\u0107 si\u0119 myl\u0105ca, poniewa\u017c ju\u017c na pocz\u0105tku sprintu mieli\u015bmy okre\u015blony \u201eproblem\u201d, kt\u00f3rego rozwi\u0105zanie by\u0142o naszym og\u00f3lnym celem. W sesji pozytywnej analizowali\u015bmy, dlaczego realizujemy ten projekt (czyli ponownie rozmawiali\u015bmy o celach), a w sesji negatywnej identyfikowali\u015bmy zagro\u017cenia, co tak\u017ce wi\u0105za\u0142o si\u0119 z wyznaczaniem cel\u00f3w. Nast\u0119pnie, na etapie tworzenia mapy, okre\u015blili\u015bmy cel i zaprosili\u015bmy ekspert\u00f3w, kt\u00f3rych spostrze\u017cenia pos\u0142u\u017cy\u0142y do sformu\u0142owania kolejnych propozycji cel\u00f3w (\u201ejak mo\u017cemy?\u201d). Wyb\u00f3r ju\u017c si\u0119 zaw\u0119zi\u0142, ale teraz nadszed\u0142 czas na ostateczne wybranie jednego, g\u0142\u00f3wnego celu sprintu.<\/p>\n\n\n\n<p>Na czym wi\u0119c to polega? Kluczowe jest, aby osoba decyduj\u0105ca wskaza\u0142a jeden najwa\u017cniejszy CEL NA SPRINT, kt\u00f3ry b\u0119dzie przy\u015bwieca\u0142 zespo\u0142owi w kolejnych dniach. Powinien to by\u0107 element o najwi\u0119kszym wp\u0142ywie, co\u015b, co zmienia najwi\u0119cej. Decyzja powinna dotyczy\u0107 jednego kluczowego aktora i jednego wydarzenia z mapy. W przypadku proces\u00f3w dydaktycznych, gdy nie ma jednej osoby decyzyjnej, zesp\u00f3\u0142 powinien podj\u0105\u0107 decyzj\u0119 w spos\u00f3b demokratyczny.<\/p>\n\n\n\n<p>Je\u015bli osoba decyduj\u0105ca potrzebuje wsparcia przy wyborze celu, mo\u017cna przeprowadzi\u0107 g\u0142osowanie. Ka\u017cdy cz\u0142onek zespo\u0142u g\u0142osuje na jednego aktora i jedno miejsce na mapie, a swoje wybory zapisuje na osobnych kartkach. Prowadz\u0105cy sprint nanosi wyniki na map\u0119. G\u0142osowanie powinno by\u0107 tajne, aby unikn\u0105\u0107 wzajemnego sugerowania si\u0119, a po jego zako\u0144czeniu mo\u017cna przeprowadzi\u0107 om\u00f3wienie. Nale\u017cy pami\u0119ta\u0107, \u017ce wyniki g\u0142osowania i dyskusja nie s\u0105 wi\u0105\u017c\u0105ce dla osoby decyduj\u0105cej. W procesie dydaktycznym g\u0142osowanie mo\u017ce mie\u0107 charakter rozstrzygaj\u0105cy.<\/p>\n\n\n\n<p>Po dyskusji osoba decyduj\u0105ca dokonuje ostatecznego wyboru celu, kt\u00f3ry obejmuje aktora i miejsce na mapie. Pytania sprintowe s\u0105 zwykle powi\u0105zane z wybranym celem i koresponduj\u0105 z celami sesji pozytywnej oraz \u201ejak mo\u017cemy?\u201d. W efekcie powstaje sp\u00f3jna ca\u0142o\u015b\u0107, z kt\u00f3rej wy\u0142ania si\u0119 to, co najistotniejsze. Na tablicy pozostaje mapa, wybrany cel oraz pytanie sprintu. Na g\u00f3rze tablicy mo\u017cna zapisa\u0107 problem, kt\u00f3ry by\u0142 punktem wyj\u015bcia dla sprintu. Od tej chwili zesp\u00f3\u0142 skupia si\u0119 wy\u0142\u0105cznie na pracy nad tym, co zosta\u0142o okre\u015blone na tablicy.<\/p>\n","protected":false},"excerpt":{"rendered":"<p>Nazwa tego etapu mo\u017ce wydawa\u0107 si\u0119 myl\u0105ca, poniewa\u017c ju\u017c na pocz\u0105tku sprintu mieli\u015bmy okre\u015blony \u201eproblem\u201d, kt\u00f3rego rozwi\u0105zanie by\u0142o naszym og\u00f3lnym celem. W sesji pozytywnej analizowali\u015bmy, [&hellip;]<\/p>\n","protected":false},"author":1,"featured_media":0,"parent":95,"menu_order":0,"comment_status":"closed","ping_status":"closed","template":"","meta":{"footnotes":""},"class_list":["post-108","page","type-page","status-publish","hentry"],"yoast_head":"<!-- This site is optimized with the Yoast SEO plugin v24.4 - https:\/\/yoast.com\/wordpress\/plugins\/seo\/ -->\n<title>Cel sprintu - Galon`s World<\/title>\n<meta name=\"robots\" content=\"index, follow, max-snippet:-1, max-image-preview:large, max-video-preview:-1\" \/>\n<link rel=\"canonical\" href=\"https:\/\/galons.world\/?page_id=108\" \/>\n<meta property=\"og:locale\" content=\"en_US\" \/>\n<meta property=\"og:type\" content=\"article\" \/>\n<meta property=\"og:title\" content=\"Cel sprintu - Galon`s World\" \/>\n<meta property=\"og:description\" content=\"Nazwa tego etapu mo\u017ce wydawa\u0107 si\u0119 myl\u0105ca, poniewa\u017c ju\u017c na pocz\u0105tku sprintu mieli\u015bmy okre\u015blony \u201eproblem\u201d, kt\u00f3rego rozwi\u0105zanie by\u0142o naszym og\u00f3lnym celem. W sesji pozytywnej analizowali\u015bmy, [&hellip;]\" \/>\n<meta property=\"og:url\" content=\"https:\/\/galons.world\/?page_id=108\" \/>\n<meta property=\"og:site_name\" content=\"Galon`s World\" \/>\n<meta name=\"twitter:card\" content=\"summary_large_image\" \/>\n<meta name=\"twitter:label1\" content=\"Est. reading time\" \/>\n\t<meta name=\"twitter:data1\" content=\"2 minutes\" \/>\n<script type=\"application\/ld+json\" class=\"yoast-schema-graph\">{\"@context\":\"https:\/\/schema.org\",\"@graph\":[{\"@type\":\"WebPage\",\"@id\":\"https:\/\/galons.world\/?page_id=108\",\"url\":\"https:\/\/galons.world\/?page_id=108\",\"name\":\"Cel sprintu - Galon`s World\",\"isPartOf\":{\"@id\":\"https:\/\/galons.world\/#website\"},\"datePublished\":\"2024-11-09T19:15:19+00:00\",\"breadcrumb\":{\"@id\":\"https:\/\/galons.world\/?page_id=108#breadcrumb\"},\"inLanguage\":\"en-US\",\"potentialAction\":[{\"@type\":\"ReadAction\",\"target\":[\"https:\/\/galons.world\/?page_id=108\"]}]},{\"@type\":\"BreadcrumbList\",\"@id\":\"https:\/\/galons.world\/?page_id=108#breadcrumb\",\"itemListElement\":[{\"@type\":\"ListItem\",\"position\":1,\"name\":\"Home\",\"item\":\"https:\/\/galons.world\/\"},{\"@type\":\"ListItem\",\"position\":2,\"name\":\"Design Sprint\",\"item\":\"https:\/\/galons.world\/?page_id=43\"},{\"@type\":\"ListItem\",\"position\":3,\"name\":\"Dzie\u0144 1\",\"item\":\"https:\/\/galons.world\/?page_id=95\"},{\"@type\":\"ListItem\",\"position\":4,\"name\":\"Cel sprintu\"}]},{\"@type\":\"WebSite\",\"@id\":\"https:\/\/galons.world\/#website\",\"url\":\"https:\/\/galons.world\/\",\"name\":\"Galon`s World\",\"description\":\"O tym jak pomys\u0142y staj\u0105 si\u0119 prototypami a prototypy rzeczywisto\u015bci\u0105.\",\"potentialAction\":[{\"@type\":\"SearchAction\",\"target\":{\"@type\":\"EntryPoint\",\"urlTemplate\":\"https:\/\/galons.world\/?s={search_term_string}\"},\"query-input\":{\"@type\":\"PropertyValueSpecification\",\"valueRequired\":true,\"valueName\":\"search_term_string\"}}],\"inLanguage\":\"en-US\"}]}<\/script>\n<!-- \/ Yoast SEO plugin. -->","yoast_head_json":{"title":"Cel sprintu - Galon`s World","robots":{"index":"index","follow":"follow","max-snippet":"max-snippet:-1","max-image-preview":"max-image-preview:large","max-video-preview":"max-video-preview:-1"},"canonical":"https:\/\/galons.world\/?page_id=108","og_locale":"en_US","og_type":"article","og_title":"Cel sprintu - Galon`s World","og_description":"Nazwa tego etapu mo\u017ce wydawa\u0107 si\u0119 myl\u0105ca, poniewa\u017c ju\u017c na pocz\u0105tku sprintu mieli\u015bmy okre\u015blony \u201eproblem\u201d, kt\u00f3rego rozwi\u0105zanie by\u0142o naszym og\u00f3lnym celem. W sesji pozytywnej analizowali\u015bmy, [&hellip;]","og_url":"https:\/\/galons.world\/?page_id=108","og_site_name":"Galon`s World","twitter_card":"summary_large_image","twitter_misc":{"Est. reading time":"2 minutes"},"schema":{"@context":"https:\/\/schema.org","@graph":[{"@type":"WebPage","@id":"https:\/\/galons.world\/?page_id=108","url":"https:\/\/galons.world\/?page_id=108","name":"Cel sprintu - Galon`s World","isPartOf":{"@id":"https:\/\/galons.world\/#website"},"datePublished":"2024-11-09T19:15:19+00:00","breadcrumb":{"@id":"https:\/\/galons.world\/?page_id=108#breadcrumb"},"inLanguage":"en-US","potentialAction":[{"@type":"ReadAction","target":["https:\/\/galons.world\/?page_id=108"]}]},{"@type":"BreadcrumbList","@id":"https:\/\/galons.world\/?page_id=108#breadcrumb","itemListElement":[{"@type":"ListItem","position":1,"name":"Home","item":"https:\/\/galons.world\/"},{"@type":"ListItem","position":2,"name":"Design Sprint","item":"https:\/\/galons.world\/?page_id=43"},{"@type":"ListItem","position":3,"name":"Dzie\u0144 1","item":"https:\/\/galons.world\/?page_id=95"},{"@type":"ListItem","position":4,"name":"Cel sprintu"}]},{"@type":"WebSite","@id":"https:\/\/galons.world\/#website","url":"https:\/\/galons.world\/","name":"Galon`s World","description":"O tym jak pomys\u0142y staj\u0105 si\u0119 prototypami a prototypy rzeczywisto\u015bci\u0105.","potentialAction":[{"@type":"SearchAction","target":{"@type":"EntryPoint","urlTemplate":"https:\/\/galons.world\/?s={search_term_string}"},"query-input":{"@type":"PropertyValueSpecification","valueRequired":true,"valueName":"search_term_string"}}],"inLanguage":"en-US"}]}},"_links":{"self":[{"href":"https:\/\/galons.world\/index.php?rest_route=\/wp\/v2\/pages\/108","targetHints":{"allow":["GET"]}}],"collection":[{"href":"https:\/\/galons.world\/index.php?rest_route=\/wp\/v2\/pages"}],"about":[{"href":"https:\/\/galons.world\/index.php?rest_route=\/wp\/v2\/types\/page"}],"author":[{"embeddable":true,"href":"https:\/\/galons.world\/index.php?rest_route=\/wp\/v2\/users\/1"}],"replies":[{"embeddable":true,"href":"https:\/\/galons.world\/index.php?rest_route=%2Fwp%2Fv2%2Fcomments&post=108"}],"version-history":[{"count":1,"href":"https:\/\/galons.world\/index.php?rest_route=\/wp\/v2\/pages\/108\/revisions"}],"predecessor-version":[{"id":109,"href":"https:\/\/galons.world\/index.php?rest_route=\/wp\/v2\/pages\/108\/revisions\/109"}],"up":[{"embeddable":true,"href":"https:\/\/galons.world\/index.php?rest_route=\/wp\/v2\/pages\/95"}],"wp:attachment":[{"href":"https:\/\/galons.world\/index.php?rest_route=%2Fwp%2Fv2%2Fmedia&parent=108"}],"curies":[{"name":"wp","href":"https:\/\/api.w.org\/{rel}","templated":true}]}}